{"id":123,"date":"2013-04-18T19:48:00","date_gmt":"2013-04-18T19:48:00","guid":{"rendered":"http:\/\/clapat.ro\/themes\/eleven-wp\/?page_id=123"},"modified":"2021-02-03T17:47:32","modified_gmt":"2021-02-03T15:47:32","slug":"demo-layer-slider","status":"publish","type":"page","link":"http:\/\/agreton.com.tr\/tr\/?page_id=123","title":{"rendered":"\u0130LET\u0130\u015e\u0130M"},"content":{"rendered":"<div class=\"symple-column symple-one-fifth symple-column-first \"><strong style=\"color: #000000; line-height: 1.714285714; font-size: 1rem;\">Merkez<\/strong><\/p>\n<p><span style=\"color: #000000;\">1. Levent Nispetiye Mah. Nispetiye Cad.<br \/>\nPeker Sokak No: 7\/10<br \/>\nBe\u015fikta\u015f \/\u00a0<strong>\u0130STANBUL<br \/>\n<\/strong><\/span><\/p>\n<p><strong style=\"line-height: 1.714285714; font-size: 1rem;\"><span style=\"color: #000000;\"><strong style=\"color: #000000; line-height: 1.714285714; font-size: 1rem;\">T<\/strong><span style=\"color: #000000; line-height: 1.714285714; font-size: 1rem;\">:<\/span><\/span><\/strong><span style=\"color: #000000;\"><span style=\"color: #000000; line-height: 1.714285714; font-size: 1rem;\"> 0 212 278 11 33<\/span><\/span><span style=\"line-height: 1.714285714; font-size: 1rem;\"><\/div><\/span><\/p>\n<div class=\"symple-column symple-one-fifth symple-column-first \"><strong style=\"line-height: 1.714285714; font-size: 1rem;\"><span style=\"color: #000000;\">Organize \u015eube<\/span><\/strong><\/p>\n<p><span style=\"color: #000000;\">Organize San. B\u00f6lgesi 105. Cadde No: 301<br \/>\n<strong>U\u015eAK<\/strong><br \/>\n<strong>T<\/strong>: 0 276 501 00 15<br \/>\n<strong>F<\/strong>: 0 850 321 58 09<br \/>\n0850 321 58 13<br \/>\n<\/span><span style=\"color: #000000; font-size: 1rem; line-height: 1.714285714;\">0850 321 58 90<br \/>\n<\/span><span style=\"line-height: 1.714285714; font-size: 1rem;\"><\/div><\/span><\/p>\n<div class=\"symple-column symple-one-fifth symple-column-first \"><strong style=\"color: #000000; line-height: 1.714285714; font-size: 1rem;\">\u00c7anl\u0131 \u015eube<\/strong><\/p>\n<p><span style=\"color: #000000;\">Atat\u00fcrk Mah. 1. \u00c7anl\u0131 Sokak<br \/>\nNo: 75\/A<br \/>\n<strong>U\u015eAK<br \/>\n<\/strong><\/span><span style=\"color: #000000; line-height: 1.714285714; font-size: 1rem;\"><strong>T<\/strong>: 0 276 231 00 67<\/span><\/div>\n<div class=\"symple-column symple-one-fifth symple-column-first \"><strong style=\"color: #000000; line-height: 1.714285714; font-size: 1rem;\">\u00c7uhadarlar \u015eube<\/strong><\/p>\n<p><span style=\"color: #000000; line-height: 1.714285714; font-size: 1rem;\">\u00c7uhadarlar K\u00f6y\u00fc,<br \/>\n<\/span><\/p>\n<p><strong style=\"color: #000000; font-size: 1rem; line-height: 1.714285714;\">U\u015eA<\/strong><strong style=\"line-height: 1.714285714; font-size: 1rem;\">K<\/strong><span style=\"line-height: 1.714285714; font-size: 1rem;\"><\/div><\/span><\/p>\n<div class=\"symple-column symple-one-fifth symple-column-last \"><strong style=\"line-height: 1.714285714; font-size: 1rem;\">Beylerhan \u015eube<\/strong><\/p>\n<p>Beylerhan K\u00f6y\u00fc<br \/>\nK\u00fctahya Bulvar\u0131<br \/>\nNo:5\/A<\/p>\n<p><span style=\"color: #000000; line-height: 1.714285714; font-size: 1rem;\"><strong style=\"line-height: 1.714285714; color: #444444; font-size: 1rem;\">U\u015eA<\/strong><strong>K<\/strong><\/span><span style=\"line-height: 1.714285714; font-size: 1rem;\"><\/div><\/span><\/p>\n<p>&nbsp;<\/p>\n","protected":false},"excerpt":{"rendered":"<p>&nbsp;<\/p>\n","protected":false},"author":1,"featured_media":0,"parent":0,"menu_order":0,"comment_status":"closed","ping_status":"open","template":"page-templates\/full-width.php","meta":{"footnotes":""},"class_list":["post-123","page","type-page","status-publish","hentry"],"_links":{"self":[{"href":"http:\/\/agreton.com.tr\/tr\/index.php?rest_route=\/wp\/v2\/pages\/123","targetHints":{"allow":["GET"]}}],"collection":[{"href":"http:\/\/agreton.com.tr\/tr\/index.php?rest_route=\/wp\/v2\/pages"}],"about":[{"href":"http:\/\/agreton.com.tr\/tr\/index.php?rest_route=\/wp\/v2\/types\/page"}],"author":[{"embeddable":true,"href":"http:\/\/agreton.com.tr\/tr\/index.php?rest_route=\/wp\/v2\/users\/1"}],"replies":[{"embeddable":true,"href":"http:\/\/agreton.com.tr\/tr\/index.php?rest_route=%2Fwp%2Fv2%2Fcomments&post=123"}],"version-history":[{"count":31,"href":"http:\/\/agreton.com.tr\/tr\/index.php?rest_route=\/wp\/v2\/pages\/123\/revisions"}],"predecessor-version":[{"id":3314,"href":"http:\/\/agreton.com.tr\/tr\/index.php?rest_route=\/wp\/v2\/pages\/123\/revisions\/3314"}],"wp:attachment":[{"href":"http:\/\/agreton.com.tr\/tr\/index.php?rest_route=%2Fwp%2Fv2%2Fmedia&parent=123"}],"curies":[{"name":"wp","href":"https:\/\/api.w.org\/{rel}","templated":true}]}}