{"id":2680,"date":"2014-02-20T20:42:20","date_gmt":"2014-02-20T18:42:20","guid":{"rendered":"http:\/\/kndrc.com\/demo\/?page_id=2680"},"modified":"2014-04-08T18:14:32","modified_gmt":"2014-04-08T15:14:32","slug":"anasayfa-2","status":"publish","type":"page","link":"http:\/\/agreton.com.tr\/tr\/","title":{"rendered":""},"content":{"rendered":"\t\n\t\t\n\t<div id=\"meteor-slideshowprojeler\" class=\"meteor-slides projeler navprevnext { next: '#meteor-nextprojeler', prev: '#meteor-prevprojeler', pager: '#meteor-buttonsprojeler' }\">\n\t\n\t\t\t\n\t\t\t\n\t\t\t<ul class=\"meteor-nav\">\n\t\t\n\t\t\t\t<li id=\"meteor-prevprojeler\" class=\"prev\"><a href=\"#prev\">Previous<\/a><\/li>\n\t\t\t\n\t\t\t\t<li id=\"meteor-nextprojeler\" class=\"next\"><a href=\"#next\">Next<\/a><\/li>\n\t\t\t\n\t\t\t<\/ul><!-- .meteor-nav -->\n\t\t\n\t\t\t\t\n\t\t\t\n\t\t<div class=\"meteor-clip\">\n\t\n\t\t\t\t\n\t\t\t<img decoding=\"async\" style=\"visibility: hidden;\" class=\"meteor-shim\" src=\"http:\/\/agreton.com.tr\/tr\/wp-content\/uploads\/2014\/02\/anasayfa_5-962x311.jpg\" alt=\"\" \/>\n\t\t\t<div class=\"mslide mslide-1\">\n\t\t\t\t\n\t\t\t\t\t\t\t\t\t\n\t\t\t\t\t<img loading=\"lazy\" decoding=\"async\" width=\"962\" height=\"311\" src=\"http:\/\/agreton.com.tr\/tr\/wp-content\/uploads\/2014\/02\/anasayfa_5-962x311.jpg\" class=\"attachment-featured-slide size-featured-slide wp-post-image\" alt=\"\" title=\"\" srcset=\"http:\/\/agreton.com.tr\/tr\/wp-content\/uploads\/2014\/02\/anasayfa_5-962x311.jpg 962w, http:\/\/agreton.com.tr\/tr\/wp-content\/uploads\/2014\/02\/anasayfa_5-820x265.jpg 820w, http:\/\/agreton.com.tr\/tr\/wp-content\/uploads\/2014\/02\/anasayfa_5-250x80.jpg 250w, http:\/\/agreton.com.tr\/tr\/wp-content\/uploads\/2014\/02\/anasayfa_5-624x202.jpg 624w, http:\/\/agreton.com.tr\/tr\/wp-content\/uploads\/2014\/02\/anasayfa_5.jpg 963w\" sizes=\"auto, (max-width: 962px) 100vw, 962px\" \/>\t\t\t\t\t\n\t\t\t\t\t\t\t\n\t\t\t<\/div><!-- .mslide -->\n\t\t\t\n\t\t\t\t\t\t\n\t\t\t\t\n\t\t\t\n\t\t\t<div class=\"mslide mslide-2\">\n\t\t\t\t\n\t\t\t\t\t\t\t\t\t\n\t\t\t\t\t<img loading=\"lazy\" decoding=\"async\" width=\"962\" height=\"311\" src=\"http:\/\/agreton.com.tr\/tr\/wp-content\/uploads\/2014\/02\/anasayfa_6-962x311.jpg\" class=\"attachment-featured-slide size-featured-slide wp-post-image\" alt=\"\" title=\"\" srcset=\"http:\/\/agreton.com.tr\/tr\/wp-content\/uploads\/2014\/02\/anasayfa_6-962x311.jpg 962w, http:\/\/agreton.com.tr\/tr\/wp-content\/uploads\/2014\/02\/anasayfa_6-820x265.jpg 820w, http:\/\/agreton.com.tr\/tr\/wp-content\/uploads\/2014\/02\/anasayfa_6-250x80.jpg 250w, http:\/\/agreton.com.tr\/tr\/wp-content\/uploads\/2014\/02\/anasayfa_6-624x202.jpg 624w, http:\/\/agreton.com.tr\/tr\/wp-content\/uploads\/2014\/02\/anasayfa_6.jpg 963w\" sizes=\"auto, (max-width: 962px) 100vw, 962px\" \/>\t\t\t\t\t\n\t\t\t\t\t\t\t\n\t\t\t<\/div><!-- .mslide -->\n\t\t\t\n\t\t\t\t\t\t\n\t\t\t\t\n\t\t\t\n\t\t\t<div class=\"mslide mslide-3\">\n\t\t\t\t\n\t\t\t\t\t\t\t\t\t\n\t\t\t\t\t<img loading=\"lazy\" decoding=\"async\" width=\"962\" height=\"311\" src=\"http:\/\/agreton.com.tr\/tr\/wp-content\/uploads\/2014\/02\/anasayfa_4-962x311.jpg\" class=\"attachment-featured-slide size-featured-slide wp-post-image\" alt=\"\" title=\"PROJE\" srcset=\"http:\/\/agreton.com.tr\/tr\/wp-content\/uploads\/2014\/02\/anasayfa_4-962x311.jpg 962w, http:\/\/agreton.com.tr\/tr\/wp-content\/uploads\/2014\/02\/anasayfa_4-820x265.jpg 820w, http:\/\/agreton.com.tr\/tr\/wp-content\/uploads\/2014\/02\/anasayfa_4-250x80.jpg 250w, http:\/\/agreton.com.tr\/tr\/wp-content\/uploads\/2014\/02\/anasayfa_4-624x202.jpg 624w, http:\/\/agreton.com.tr\/tr\/wp-content\/uploads\/2014\/02\/anasayfa_4.jpg 963w\" sizes=\"auto, (max-width: 962px) 100vw, 962px\" \/>\t\t\t\t\t\n\t\t\t\t\t\t\t\n\t\t\t<\/div><!-- .mslide -->\n\t\t\t\n\t\t\t\t\t\t\n\t\t\t\t\n\t\t\t\n\t\t\t<div class=\"mslide mslide-4\">\n\t\t\t\t\n\t\t\t\t\t\t\t\t\t\n\t\t\t\t\t<img loading=\"lazy\" decoding=\"async\" width=\"962\" height=\"311\" src=\"http:\/\/agreton.com.tr\/tr\/wp-content\/uploads\/2014\/02\/anasayfa_3-962x311.jpg\" class=\"attachment-featured-slide size-featured-slide wp-post-image\" alt=\"\" title=\"\" srcset=\"http:\/\/agreton.com.tr\/tr\/wp-content\/uploads\/2014\/02\/anasayfa_3-962x311.jpg 962w, http:\/\/agreton.com.tr\/tr\/wp-content\/uploads\/2014\/02\/anasayfa_3-820x265.jpg 820w, http:\/\/agreton.com.tr\/tr\/wp-content\/uploads\/2014\/02\/anasayfa_3-250x80.jpg 250w, http:\/\/agreton.com.tr\/tr\/wp-content\/uploads\/2014\/02\/anasayfa_3-624x202.jpg 624w, http:\/\/agreton.com.tr\/tr\/wp-content\/uploads\/2014\/02\/anasayfa_3.jpg 963w\" sizes=\"auto, (max-width: 962px) 100vw, 962px\" \/>\t\t\t\t\t\n\t\t\t\t\t\t\t\n\t\t\t<\/div><!-- .mslide -->\n\t\t\t\n\t\t\t\t\t\t\n\t\t\t\t\n\t\t\t\n\t\t\t<div class=\"mslide mslide-5\">\n\t\t\t\t\n\t\t\t\t\t\t\t\t\t\n\t\t\t\t\t<img loading=\"lazy\" decoding=\"async\" width=\"962\" height=\"311\" src=\"http:\/\/agreton.com.tr\/tr\/wp-content\/uploads\/2014\/02\/anasayfa_2-962x311.jpg\" class=\"attachment-featured-slide size-featured-slide wp-post-image\" alt=\"\" title=\"\" srcset=\"http:\/\/agreton.com.tr\/tr\/wp-content\/uploads\/2014\/02\/anasayfa_2-962x311.jpg 962w, http:\/\/agreton.com.tr\/tr\/wp-content\/uploads\/2014\/02\/anasayfa_2-820x265.jpg 820w, http:\/\/agreton.com.tr\/tr\/wp-content\/uploads\/2014\/02\/anasayfa_2-250x80.jpg 250w, http:\/\/agreton.com.tr\/tr\/wp-content\/uploads\/2014\/02\/anasayfa_2-624x202.jpg 624w, http:\/\/agreton.com.tr\/tr\/wp-content\/uploads\/2014\/02\/anasayfa_2.jpg 963w\" sizes=\"auto, (max-width: 962px) 100vw, 962px\" \/>\t\t\t\t\t\n\t\t\t\t\t\t\t\n\t\t\t<\/div><!-- .mslide -->\n\t\t\t\n\t\t\t\t\t\t\n\t\t\t\t\n\t\t<\/div><!-- .meteor-clip -->\n\t\t\t\t\n\t\t\t\t\t\n\t<\/div><!-- .meteor-slides -->\n\t\n\t\n<p style=\"text-align: justify;\"><hr class=\"symple-divider dashed \" style=\"margin-top: 5px;margin-bottom: 10px;\" \/>\n<p style=\"text-align: justify;\"><div class=\"symple-column symple-two-third symple-column-first \">\n<p style=\"text-align: justify;\"><strong>Agreton,<\/strong>\u00a02013 y\u0131l\u0131n\u0131n May\u0131s ay\u0131nda, haz\u0131r beton ve prefabrik yap\u0131 elemanlar\u0131 \u00fcretimi alanlar\u0131nda faaliyette bulunmak \u00fczere kuruldu. Bu alanda deneyimli y\u00f6neticileri ve personelleriyle, sekt\u00f6r\u00fcn ihtiya\u00e7 duydu\u011fu kalitede \u00fcretimi U\u015fak Organize Sanayi B\u00f6lgesi\u2019nde s\u00fcrd\u00fcrmektedir.<\/p>\n<p style=\"text-align: justify;\"><div id=\"symple-tab-96\" class=\"symple-tabs\"><ul class=\"ui-tabs-nav symple-clearfix\"><li><a href=\"#symple-tab-vizyonumuz\">V\u0130ZYONUMUZ<\/a><\/li><li><a href=\"#symple-tab-misyonumuz\">M\u0130SYONUMUZ<\/a><\/li><\/ul>\n<div id=\"symple-tab-vizyonumuz\" class=\"tab-content \">\nS\u00fcrekli geli\u015fime a\u00e7\u0131k, \u00e7evreci y\u00f6netim felsefemizle, ana faaliyet konular\u0131m\u0131zda liderli\u011fi \u00f6n plana alarak i\u00e7 ve d\u0131\u015f m\u00fc\u015fterilerimizin memnuniyetini sa\u011flamak, teknolojik ve inovatif uygulamalara devaml\u0131 a\u00e7\u0131k olup, sekt\u00f6rel bazda marka yaratmakt\u0131r.<\/div>\n<div id=\"symple-tab-misyonumuz\" class=\"tab-content \">\nM\u00fc\u015fterilerimizin istek ve ihtiya\u00e7lar\u0131 do\u011frultusunda, ana faaliyet konular\u0131m\u0131zdaki geli\u015fmeleri yak\u0131ndan takip etmek, \u00fcretim gam\u0131m\u0131zda yer alan \u00fcr\u00fcnlerle ilgili olan t\u00fcm geli\u015fmelerden haberdar olmak ve kuruma giren bilgileri \u00e7al\u0131\u015fanlar\u0131m\u0131zla, tedarik\u00e7ilerimizle ve toplumla payla\u015fmak, dinamik bir yap\u0131da yer alarak kaliteden taviz vermeden ekonomik \u00e7\u00f6z\u00fcmler olu\u015fturmakt\u0131r.<\/div>\n<p style=\"text-align: justify;\"><\/div><\/div>\n<p style=\"text-align: justify;\"><div class=\"symple-column symple-one-third symple-column-last \"> <strong>Agreton Duyurular:<\/strong><\/p>\n<p style=\"text-align: justify;\">\n<div id=\"PageAnnouncementContainer\">\n\t<div class=\"PageAnnouncement\" id=\"PageAnnouncement1\">\n\t\t<p>M\u00fc\u015fterilerimizin istek ve ihtiya\u00e7lar\u0131 do\u011frultusunda, Yeni Parsel baca elemanlar\u0131 \u00fcr\u00fcn \u00e7e\u015fitlili\u011fimize girmi\u015ftir.\r\n Pis su ba\u011flant\u0131 hatlar\u0131 in\u015faat\u0131nda bina \u00e7\u0131k\u0131\u015flar\u0131na kontrol ve m\u00fcdahale ama\u00e7l\u0131 konan bacalara Parsel Bacas\u0131 denir. Ad\u0131ndan da anla\u015f\u0131laca\u011f\u0131 \u00fczere o parsele ait ve parselin s\u0131n\u0131rlar\u0131 i\u00e7erisinde kalan m\u00fcstakil bir imalatt\u0131r.<\/p>\n\t\t<p><a title=\"YEN\u0130 MAK\u0130NEL\u0130 \u00dcRET\u0130M\" href=\"http:\/\/agreton.com.tr\/tr\/?page_id=2780\">YEN\u0130 MAK\u0130NEL\u0130 \u00dcRET\u0130M<\/a><\/p>\n\t<\/div>\n\n\t<div class=\"PageAnnouncement\" id=\"PageAnnouncement2\">\n\t\t<p>U\u015eAK Orman \u0130\u015fletme \u015eefli\u011fi koordinasyonunda,  Agreton Beton ve Yap\u0131 Elemanlar\u0131 San. Ti\u00e7. A.\u015e.  kat\u0131l\u0131m\u0131 ile  Sorkun Yaylas\u0131nda a\u011fa\u00e7 dikme faaliyeti ger\u00e7ekle\u015ftirildi. Etkinlikte Agreton Beton ve Yap\u0131 Elemanlar\u0131 San. Ti\u00e7. A.\u015e. personeli  taraf\u0131ndan 300 \u00e7am fidan\u0131 daha \u00f6nce yang\u0131n ge\u00e7irmi\u015f araziye dikildi.<\/p>\n\t\t<p><a title=\"T\u00fcm Duyurular...\" href=\"http:\/\/agreton.com.tr\/tr\/?page_id=3132\">T\u00fcm Duyurular...<\/a><\/p>\n\t<\/div>\n\n\t<div class=\"PageAnnouncement\" id=\"PageAnnouncement3\">\n\t\t<p>M\u00fc\u015fterilerimizin istek ve ihtiya\u00e7lar\u0131 do\u011frultusunda, ana faaliyet konular\u0131m\u0131zdaki geli\u015fmeleri yak\u0131ndan takip etmek, \u00fcretim gam\u0131m\u0131zda yer alan \u00fcr\u00fcnlerle ilgili olan t\u00fcm geli\u015fmelerden haberdar olmak ve kuruma giren bilgileri \u00e7al\u0131\u015fanlar\u0131m\u0131zla, ekonomik \u00e7\u00f6z\u00fcmler olu\u015fturmakt\u0131r.<\/p>\n\t\t<p><a title=\"T\u00fcm Duyurular...\" href=\"http:\/\/agreton.com.tr\/tr\/?page_id=3132\">T\u00fcm Duyurular...<\/a><\/p>\n\t<\/div>\n<\/div>\n<p style=\"text-align: justify;\"><span style=\"line-height: 1.714285714; font-size: 1rem;\"><\/div><\/span><\/p>\n<p style=\"text-align: justify;\"><hr class=\"symple-divider dotted \" style=\"margin-top: 10px;margin-bottom: 10px;\" \/>\n<p style=\"text-align: left;\"><div class=\"symple-callout symple-clearfix \"><div class=\"symple-callout-caption\">Deneyimli y\u00f6netici ve personellerimizle, sekt\u00f6r\u00fcn ihtiya\u00e7 duydu\u011fu kalitede \u00fcretimini ger\u00e7ekle\u015ftiriyoruz.<\/div><div class=\"symple-callout-button\"><a href=\"http:\/\/agreton.com.tr\/tr\/?page_id=123\" title=\"\u0130LET\u0130\u015e\u0130M\" target=\"_blank\" class=\"symple-button blue\" ><span class=\"symple-button-inner\">\u0130LET\u0130\u015e\u0130M<\/span><\/a><\/div><\/div>\n","protected":false},"excerpt":{"rendered":"","protected":false},"author":1,"featured_media":0,"parent":0,"menu_order":0,"comment_status":"open","ping_status":"open","template":"page-templates\/full-width.php","meta":{"footnotes":""},"class_list":["post-2680","page","type-page","status-publish","hentry"],"_links":{"self":[{"href":"http:\/\/agreton.com.tr\/tr\/index.php?rest_route=\/wp\/v2\/pages\/2680","targetHints":{"allow":["GET"]}}],"collection":[{"href":"http:\/\/agreton.com.tr\/tr\/index.php?rest_route=\/wp\/v2\/pages"}],"about":[{"href":"http:\/\/agreton.com.tr\/tr\/index.php?rest_route=\/wp\/v2\/types\/page"}],"author":[{"embeddable":true,"href":"http:\/\/agreton.com.tr\/tr\/index.php?rest_route=\/wp\/v2\/users\/1"}],"replies":[{"embeddable":true,"href":"http:\/\/agreton.com.tr\/tr\/index.php?rest_route=%2Fwp%2Fv2%2Fcomments&post=2680"}],"version-history":[{"count":30,"href":"http:\/\/agreton.com.tr\/tr\/index.php?rest_route=\/wp\/v2\/pages\/2680\/revisions"}],"predecessor-version":[{"id":3137,"href":"http:\/\/agreton.com.tr\/tr\/index.php?rest_route=\/wp\/v2\/pages\/2680\/revisions\/3137"}],"wp:attachment":[{"href":"http:\/\/agreton.com.tr\/tr\/index.php?rest_route=%2Fwp%2Fv2%2Fmedia&parent=2680"}],"curies":[{"name":"wp","href":"https:\/\/api.w.org\/{rel}","templated":true}]}}