{"id":2713,"date":"2014-02-20T19:40:13","date_gmt":"2014-02-20T17:40:13","guid":{"rendered":"http:\/\/kndrc.com\/demo\/?page_id=2713"},"modified":"2014-03-06T18:30:00","modified_gmt":"2014-03-06T16:30:00","slug":"portfolio","status":"publish","type":"page","link":"http:\/\/agreton.com.tr\/tr\/?page_id=2713","title":{"rendered":"HAZIR BETON"},"content":{"rendered":"<p><img loading=\"lazy\" decoding=\"async\" class=\"alignleft  wp-image-2877\" alt=\"hazir_beton2\" src=\"http:\/\/agreton.com.tr\/tr\/wp-content\/uploads\/2014\/02\/hazir_beton2.jpg\" width=\"226\" height=\"326\" srcset=\"http:\/\/agreton.com.tr\/tr\/wp-content\/uploads\/2014\/02\/hazir_beton2.jpg 462w, http:\/\/agreton.com.tr\/tr\/wp-content\/uploads\/2014\/02\/hazir_beton2-250x359.jpg 250w\" sizes=\"auto, (max-width: 226px) 100vw, 226px\" \/>Haz\u0131r Beton, agrega ( ince ve kaba agrega ), \u00e7imento ve suyun, kimyasal ve mineral katk\u0131 maddeleri ilave edilerek veya edilmeden homojen olarak \u00fcretim teknolojisine uygun olarak kar\u0131\u015ft\u0131r\u0131lmas\u0131ndan olu\u015fan, ba\u015flang\u0131\u00e7ta plastik k\u0131vamda olup, zamanla kat\u0131la\u015f\u0131p sertle\u015ferek mukavemet kazanan \u00f6nemli bir yap\u0131 malzemesidir.<\/p>\n<p>Bilimsel y\u00f6ntemlerle tasarlanm\u0131\u015f olan Agreton Haz\u0131r Beton, bile\u015fen tart\u0131mlar\u0131 a\u011f\u0131rl\u0131k y\u00f6ntemiyle otomatik olarak yap\u0131lan, Agreton Haz\u0131r Beton tesislerinde \u00fcretilmi\u015f ve standartlara g\u00f6re\u00a0 kontrol edilmi\u015ftir.<\/p>\n<blockquote><p>Tesislerimizde bu \u00fcr\u00fcnlerin yan\u0131s\u0131ra, \u00e7e\u015fitli k\u0131vamlarda ve agrega dane b\u00fcy\u00fckl\u00fck s\u0131n\u0131flar\u0131nda, m\u00fc\u015fteri ihtiya\u00e7lar\u0131n\u0131 kar\u015f\u0131lamak \u00fczere; Ak\u0131c\u0131 Dolgu Betonlar\u0131, Y\u00fcksek Performansl\u0131 Betonlar, Erken Dayan\u0131m\u0131 Y\u00fcksek Betonlar, T\u00fcnel Kal\u0131p Betonlar\u0131, Y\u00fcksek Katl\u0131 Bina Betonlar\u0131, \u00c7evresel Etki S\u0131n\u0131flar\u0131na Uygun Beton Tipleri gibi \u00fcr\u00fcnler de \u00fcretilerek m\u00fc\u015fteri talepleri kar\u015f\u0131lanmaktad\u0131r.<\/p><\/blockquote>\n<hr class=\"symple-divider solid \" style=\"margin-top: 5px;margin-bottom: 5px;\" \/>\n<div class=\"symple-column symple-one-half symple-column-first \">\n<p><span style=\"font-family: 'Times New Roman', serif;\"><span style=\"font-size: medium;\"><span style=\"font-family: Calibri, sans-serif;\"><b>Agreton Haz\u0131r Betonun kalitesini belirleyen 5 temel a\u015fama \u015funlard\u0131r:<\/b><\/span><\/span><\/span><\/p>\n<ul>\n<li>Tasar\u0131m<\/li>\n<li>\u00dcretim<\/li>\n<li>Ta\u015f\u0131ma<\/li>\n<li>Yerle\u015ftirme<\/li>\n<li>Bak\u0131m ve K\u00fcr<\/li>\n<\/ul>\n<p><span style=\"line-height: 1.714285714; font-size: 1rem;\">Bunlardan ilk \u00fc\u00e7 a\u015fama Agreton Haz\u0131r Beton taraf\u0131ndan, son iki a\u015fama ise t\u00fcketici taraf\u0131ndan yerine\u00a0getirilmektedir.<\/span><br \/>\n<\/div>\n<div class=\"symple-column symple-one-half symple-column-last \">\n<p><strong>Agreton Haz\u0131r Betonun Fayda ve \u00dcst\u00fcnl\u00fckleri:<\/strong><\/p>\n<ul>\n<li>H\u0131zl\u0131<\/li>\n<li>S\u00fcrekli ula\u015f\u0131labilirlik<\/li>\n<li>Her a\u015famada kontrol imkan\u0131<\/li>\n<li>Optimum malzeme kullan\u0131m\u0131<\/li>\n<li>Zaman ve maliyetten tasarruf<\/li>\n<li>\u00c7evre dostu<\/li>\n<\/ul>\n<p>Agreton Haz\u0131r Beton tesislerimizde TS EN 206-1 standard\u0131na uygun; \u00e7e\u015fitli k\u0131vam ve agrega dane b\u00fcy\u00fckl\u00fc\u011f\u00fc s\u0131n\u0131flar\u0131nda, C8\u2019den C100\u2019e kadar normal ve y\u00fcksek dayan\u0131ml\u0131 betonlar \u00fcretilmektedir.<\/p>\n<\/div>\n<p><span style=\"font-family: 'Times New Roman', serif;\"><span style=\"font-size: medium;\"><span style=\"font-family: Calibri, sans-serif;\"><span><b>Agreton Haz\u0131r Beton Santrali<\/b><\/span><\/span><\/span><\/span><\/p>\n<p><span style=\"color: #000000;\"><span style=\"font-family: Calibri, sans-serif;\"><img loading=\"lazy\" decoding=\"async\" class=\"alignleft size-full wp-image-2878\" alt=\"hazir_beton\" src=\"http:\/\/agreton.com.tr\/tr\/wp-content\/uploads\/2014\/02\/hazir_beton.jpg\" width=\"462\" height=\"237\" srcset=\"http:\/\/agreton.com.tr\/tr\/wp-content\/uploads\/2014\/02\/hazir_beton.jpg 462w, http:\/\/agreton.com.tr\/tr\/wp-content\/uploads\/2014\/02\/hazir_beton-250x128.jpg 250w\" sizes=\"auto, (max-width: 462px) 100vw, 462px\" \/>Haz\u0131r beton bile\u015fenlerinin stoklan\u0131p, kontrol alt\u0131nda kar\u0131\u015ft\u0131r\u0131larak, haz\u0131r beton \u201c\u00fcretiminin ger\u00e7ekle\u015ftirildi\u011fi ve transmikserlere dolumun yap\u0131ld\u0131\u011f\u0131 tesislere &#8220;beton santrali&#8221; denir. Beton santralleri kar\u0131\u015f\u0131m \u015fekillerine g\u00f6re &#8220;ya\u015f ve kuru kar\u0131\u015f\u0131m&#8221; olmak \u00fczere ikiye, depolama \u015fekillerine g\u00f6re de<\/span><\/span><i style=\"font-size: medium; font-family: Cambria, serif; color: #4f81bd; line-height: 1.714285714;\"><span style=\"color: #000000;\"><span style=\"font-family: Calibri, sans-serif;\">\u00a0<\/span><\/span><\/i><span style=\"color: #000000;\"><span style=\"font-family: Calibri, sans-serif;\">&#8220;bunkerli&#8221;<\/span><\/span><i style=\"font-size: medium; font-family: Cambria, serif; color: #4f81bd; line-height: 1.714285714;\"><span style=\"color: #000000;\"><span style=\"font-family: Calibri, sans-serif;\">\u00a0<\/span><\/span><\/i><span style=\"color: #000000;\"><span style=\"font-family: Calibri, sans-serif;\">ve<\/span><\/span><i style=\"font-size: medium; font-family: Cambria, serif; color: #4f81bd; line-height: 1.714285714;\"><span style=\"color: #000000;\"><span style=\"font-family: Calibri, sans-serif;\">\u00a0<\/span><\/span><\/i><span style=\"color: #000000;\"><span style=\"font-family: Calibri, sans-serif;\">&#8220;y\u0131ld\u0131z tip&#8221;<\/span><\/span><i style=\"font-size: medium; font-family: Cambria, serif; color: #4f81bd; line-height: 1.714285714;\"><span style=\"color: #000000;\"><span style=\"font-family: Calibri, sans-serif;\">\u00a0<\/span><\/span><\/i><span style=\"color: #000000;\"><span style=\"font-family: Calibri, sans-serif;\">olmak \u00fczere ikiye ayr\u0131lmaktad\u0131r.<\/span><\/span><\/p>\n<p><span style=\"color: #000000;\"><span style=\"font-family: Calibri, sans-serif;\">Y\u0131ld\u0131z tip santralde,<\/span><\/span><i style=\"font-size: medium; font-family: Cambria, serif; color: #4f81bd; line-height: 1.714285714;\"><span style=\"color: #000000;\"><span style=\"font-family: Calibri, sans-serif;\">\u00a0<\/span><\/span><\/i><span style=\"color: #000000;\"><span style=\"font-family: Calibri, sans-serif;\">santralin \u00f6n\u00fcnde y\u0131ld\u0131z \u015feklinde bir stoklama alan\u0131 vard\u0131r ve kova vas\u0131tas\u0131yla agregalar arkadaki kar\u0131\u015ft\u0131rma kazan\u0131na aktar\u0131l\u0131r.Bunkerli santralde,<\/span><\/span><i style=\"font-size: medium; font-family: Cambria, serif; color: #4f81bd; line-height: 1.714285714;\"><span style=\"color: #000000;\"><span style=\"font-family: Calibri, sans-serif;\">\u00a0<\/span><\/span><\/i><span style=\"color: #000000;\"><span style=\"font-family: Calibri, sans-serif;\">ise agrega ve kumlar santralin \u00f6n\u00fcndeki bunkerlerde stok edilip, bantl\u0131 bir sistem ile kar\u0131\u015ft\u0131rma kazan\u0131na ta\u015f\u0131n\u0131r.<\/span><\/span><\/p>\n<p>&nbsp;<\/p>\n","protected":false},"excerpt":{"rendered":"<p>Haz\u0131r Beton, agrega ( ince ve kaba agrega ), \u00e7imento ve suyun, kimyasal ve mineral katk\u0131 maddeleri ilave edilerek veya edilmeden homojen olarak \u00fcretim teknolojisine uygun olarak kar\u0131\u015ft\u0131r\u0131lmas\u0131ndan olu\u015fan, ba\u015flang\u0131\u00e7ta plastik k\u0131vamda olup, zamanla kat\u0131la\u015f\u0131p sertle\u015ferek mukavemet kazanan \u00f6nemli bir yap\u0131 malzemesidir. Bilimsel y\u00f6ntemlerle tasarlanm\u0131\u015f olan Agreton Haz\u0131r Beton, bile\u015fen tart\u0131mlar\u0131 a\u011f\u0131rl\u0131k y\u00f6ntemiyle otomatik olarak [&hellip;]<\/p>\n","protected":false},"author":1,"featured_media":0,"parent":0,"menu_order":0,"comment_status":"open","ping_status":"open","template":"page-templates\/full-width.php","meta":{"footnotes":""},"class_list":["post-2713","page","type-page","status-publish","hentry"],"_links":{"self":[{"href":"http:\/\/agreton.com.tr\/tr\/index.php?rest_route=\/wp\/v2\/pages\/2713","targetHints":{"allow":["GET"]}}],"collection":[{"href":"http:\/\/agreton.com.tr\/tr\/index.php?rest_route=\/wp\/v2\/pages"}],"about":[{"href":"http:\/\/agreton.com.tr\/tr\/index.php?rest_route=\/wp\/v2\/types\/page"}],"author":[{"embeddable":true,"href":"http:\/\/agreton.com.tr\/tr\/index.php?rest_route=\/wp\/v2\/users\/1"}],"replies":[{"embeddable":true,"href":"http:\/\/agreton.com.tr\/tr\/index.php?rest_route=%2Fwp%2Fv2%2Fcomments&post=2713"}],"version-history":[{"count":14,"href":"http:\/\/agreton.com.tr\/tr\/index.php?rest_route=\/wp\/v2\/pages\/2713\/revisions"}],"predecessor-version":[{"id":2980,"href":"http:\/\/agreton.com.tr\/tr\/index.php?rest_route=\/wp\/v2\/pages\/2713\/revisions\/2980"}],"wp:attachment":[{"href":"http:\/\/agreton.com.tr\/tr\/index.php?rest_route=%2Fwp%2Fv2%2Fmedia&parent=2713"}],"curies":[{"name":"wp","href":"https:\/\/api.w.org\/{rel}","templated":true}]}}