{"id":2776,"date":"2014-02-26T13:21:33","date_gmt":"2014-02-26T11:21:33","guid":{"rendered":"http:\/\/kndrc.com\/demo\/?page_id=2776"},"modified":"2014-03-06T11:26:56","modified_gmt":"2014-03-06T09:26:56","slug":"prefabrik","status":"publish","type":"page","link":"http:\/\/agreton.com.tr\/tr\/?page_id=2776","title":{"rendered":"PREFABR\u0130K"},"content":{"rendered":"<div class=\"symple-column symple-one-third symple-column-first \"><img loading=\"lazy\" decoding=\"async\" class=\"alignnone size-full wp-image-2944\" style=\"font-size: 1rem; line-height: 1;\" alt=\"prefabrik_y3 - Kopya\" src=\"http:\/\/agreton.com.tr\/tr\/wp-content\/uploads\/2014\/02\/prefabrik_y3-Kopya.jpg\" width=\"500\" height=\"312\" srcset=\"http:\/\/agreton.com.tr\/tr\/wp-content\/uploads\/2014\/02\/prefabrik_y3-Kopya.jpg 500w, http:\/\/agreton.com.tr\/tr\/wp-content\/uploads\/2014\/02\/prefabrik_y3-Kopya-250x156.jpg 250w\" sizes=\"auto, (max-width: 500px) 100vw, 500px\" \/><span style=\"line-height: 1.714285714; font-size: 1rem;\"><\/div><\/span><\/p>\n<div class=\"symple-column symple-two-third symple-column-last \"><span style=\"line-height: 1.714285714; text-align: justify; font-size: 1rem;\">Uluslararas\u0131 standartlara uygun, kaliteli, y\u00fcksek dayan\u0131ml\u0131 ve h\u0131zl\u0131 imalat fark\u0131 ile farbrikam\u0131z b\u00fcnyesinde prefabrike yap\u0131 elemanlar\u0131, \u00f6ngerilmeli beton ta\u015f\u0131y\u0131c\u0131 sistem ve cephe panolar\u0131, arakat elemanlar\u0131 \u00fcretimi yap\u0131lmaktad\u0131r. Son teknolojiye g\u00f6re tasarlanm\u0131\u015f kal\u0131plar yard\u0131m\u0131 ile betona istenilen \u015fekil verilerek, tasarlanan yap\u0131lar meydana getirilir.<\/span><\/p>\n<p style=\"text-align: justify;\">Yap\u0131 elemanlar\u0131n\u0131n \u00fcretimi, ta\u015f\u0131nmas\u0131 ve montaj i\u015flemlerinde, TS-500, TS498 ve TS-3233 standartlar\u0131na uygun imalat yap\u0131lmaktad\u0131r.<\/div>\n<p style=\"text-align: justify;\">\u0130mal edilen her bir \u00fcr\u00fcn imalat \u00f6ncesi statik analizleri yap\u0131l\u0131r, \u00fcretim sonras\u0131 teknolojinin de yard\u0131m\u0131yla laboratuar ortam\u0131nda dayan\u0131m testleri yap\u0131ld\u0131ktan sonra sevkiyat ve montaj\u0131 Agreton Beton ve Yap\u0131 Elem. San. Tic. Ltd. \u015eti. g\u00fcvencesiyle yap\u0131l\u0131r.<\/p>\n<div class=\"symple-column symple-one-third symple-column-first \"><img loading=\"lazy\" decoding=\"async\" class=\"alignnone size-full wp-image-2949\" alt=\"as\" src=\"http:\/\/agreton.com.tr\/tr\/wp-content\/uploads\/2014\/02\/as.jpg\" width=\"500\" height=\"296\" srcset=\"http:\/\/agreton.com.tr\/tr\/wp-content\/uploads\/2014\/02\/as.jpg 500w, http:\/\/agreton.com.tr\/tr\/wp-content\/uploads\/2014\/02\/as-250x148.jpg 250w\" sizes=\"auto, (max-width: 500px) 100vw, 500px\" \/><span style=\"font-size: 1rem; line-height: 1.714285714;\"><\/div><\/span><\/p>\n<div class=\"symple-column symple-one-third symple-column-first \"><img loading=\"lazy\" decoding=\"async\" class=\"alignnone size-full wp-image-2945\" style=\"font-size: 1rem; line-height: 1;\" alt=\"prefabrik_y1 - Kopya\" src=\"http:\/\/agreton.com.tr\/tr\/wp-content\/uploads\/2014\/02\/prefabrik_y1-Kopya.jpg\" width=\"500\" height=\"296\" srcset=\"http:\/\/agreton.com.tr\/tr\/wp-content\/uploads\/2014\/02\/prefabrik_y1-Kopya.jpg 500w, http:\/\/agreton.com.tr\/tr\/wp-content\/uploads\/2014\/02\/prefabrik_y1-Kopya-250x148.jpg 250w\" sizes=\"auto, (max-width: 500px) 100vw, 500px\" \/><span style=\"line-height: 1.714285714; font-size: 1rem;\"><\/div><\/span><\/p>\n<div class=\"symple-column symple-one-third symple-column-last \"><img loading=\"lazy\" decoding=\"async\" class=\"alignnone size-full wp-image-2946\" style=\"font-size: 1rem; line-height: 1;\" alt=\"prefabrik_y2 - Kopya\" src=\"http:\/\/agreton.com.tr\/tr\/wp-content\/uploads\/2014\/02\/prefabrik_y2-Kopya.jpg\" width=\"500\" height=\"295\" srcset=\"http:\/\/agreton.com.tr\/tr\/wp-content\/uploads\/2014\/02\/prefabrik_y2-Kopya.jpg 500w, http:\/\/agreton.com.tr\/tr\/wp-content\/uploads\/2014\/02\/prefabrik_y2-Kopya-250x147.jpg 250w\" sizes=\"auto, (max-width: 500px) 100vw, 500px\" \/><span style=\"line-height: 1.714285714; font-size: 1rem;\"><\/div><\/span><\/p>\n<p>&nbsp;<\/p>\n<p>&nbsp;<\/p>\n","protected":false},"excerpt":{"rendered":"<p>\u0130mal edilen her bir \u00fcr\u00fcn imalat \u00f6ncesi statik analizleri yap\u0131l\u0131r, \u00fcretim sonras\u0131 teknolojinin de yard\u0131m\u0131yla laboratuar ortam\u0131nda dayan\u0131m testleri yap\u0131ld\u0131ktan sonra sevkiyat ve montaj\u0131 Agreton Beton ve Yap\u0131 Elem. San. Tic. Ltd. \u015eti. g\u00fcvencesiyle yap\u0131l\u0131r. &nbsp; &nbsp;<\/p>\n","protected":false},"author":1,"featured_media":0,"parent":0,"menu_order":0,"comment_status":"open","ping_status":"open","template":"page-templates\/full-width.php","meta":{"footnotes":""},"class_list":["post-2776","page","type-page","status-publish","hentry"],"_links":{"self":[{"href":"http:\/\/agreton.com.tr\/tr\/index.php?rest_route=\/wp\/v2\/pages\/2776","targetHints":{"allow":["GET"]}}],"collection":[{"href":"http:\/\/agreton.com.tr\/tr\/index.php?rest_route=\/wp\/v2\/pages"}],"about":[{"href":"http:\/\/agreton.com.tr\/tr\/index.php?rest_route=\/wp\/v2\/types\/page"}],"author":[{"embeddable":true,"href":"http:\/\/agreton.com.tr\/tr\/index.php?rest_route=\/wp\/v2\/users\/1"}],"replies":[{"embeddable":true,"href":"http:\/\/agreton.com.tr\/tr\/index.php?rest_route=%2Fwp%2Fv2%2Fcomments&post=2776"}],"version-history":[{"count":8,"href":"http:\/\/agreton.com.tr\/tr\/index.php?rest_route=\/wp\/v2\/pages\/2776\/revisions"}],"predecessor-version":[{"id":2950,"href":"http:\/\/agreton.com.tr\/tr\/index.php?rest_route=\/wp\/v2\/pages\/2776\/revisions\/2950"}],"wp:attachment":[{"href":"http:\/\/agreton.com.tr\/tr\/index.php?rest_route=%2Fwp%2Fv2%2Fmedia&parent=2776"}],"curies":[{"name":"wp","href":"https:\/\/api.w.org\/{rel}","templated":true}]}}