{"id":2780,"date":"2014-02-26T13:29:01","date_gmt":"2014-02-26T11:29:01","guid":{"rendered":"http:\/\/kndrc.com\/demo\/?page_id=2780"},"modified":"2016-03-11T13:35:54","modified_gmt":"2016-03-11T11:35:54","slug":"makineli-uretim","status":"publish","type":"page","link":"http:\/\/agreton.com.tr\/tr\/?page_id=2780","title":{"rendered":"MAK\u0130NEL\u0130 \u00dcRET\u0130M"},"content":{"rendered":"<p align=\"JUSTIFY\">Agreton olarak makineli \u00fcretim diye nitelendirdi\u011fimiz ve yakla\u015f\u0131k 500 m2 lik kapal\u0131 \u2013 1000 m2lik a\u00e7\u0131k alan\u0131m\u0131zda \u00fcretim yapmaktay\u0131z. \u00dcr\u00fcnlerimiz altyap\u0131\/\u00e7evre ve hafif yap\u0131 elemanlar\u0131 diye iki ana gruba ayr\u0131lmaktad\u0131r. Altyap\u0131\/\u00e7evre elemanlar\u0131m\u0131zda parke ta\u015flar\u0131, bord\u00fcrler, beton borular\u0131, ya\u011fmur oluklar\u0131, baca taban elemanlar\u0131, parsel baca elemanlar\u0131, kutu menfez, g\u00f6vde bilezikleri, konikler vb. \u00fcr\u00fcnler yer almaktad\u0131r. Hafif yap\u0131 elemanlar\u0131m\u0131zda ise \u00e7e\u015fitli \u00f6zellikleriyle farkl\u0131 bims bloklar bulunmaktad\u0131r. Bunlar\u0131n d\u0131\u015f\u0131nda farkl\u0131 \u00f6zelliklerde ve m\u00fc\u015fteri bazl\u0131 \u00fcr\u00fcnleri de yapabilecek kapasiteye sahip te\u00e7hizatlar\u0131m\u0131z ve ekipmanlar\u0131m\u0131z bulunmaktad\u0131r.<\/p>\n<p align=\"JUSTIFY\"><hr class=\"symple-divider solid \" style=\"margin-top: 2px;margin-bottom: 2px;\" \/>\n<p align=\"JUSTIFY\"><div class=\"symple-column symple-one-half symple-column-first \"><span style=\"color: #ff0000;\"><span style=\"text-decoration: underline;\"><b>K\u0130L\u0130TL\u0130 PARKE TA\u015eI<\/b><\/span><\/span><\/p>\n<p align=\"JUSTIFY\">D\u0131\u015f mekanlar\u0131n en \u00e7ok kullan\u0131lan parke ta\u015f\u0131 olan Kilitli Parke Ta\u015f\u0131, al\u0131\u015f\u0131lm\u0131\u015f bi\u00e7imiyle d\u0131\u015f zeminlerin vazge\u00e7ilmez d\u00f6\u015feme ta\u015f\u0131 olarak kendini kan\u0131tlam\u0131\u015ft\u0131r. Bir\u00e7ok toplu konut alanlar\u0131nda rahatl\u0131kla kullan\u0131lan ve her t\u00fcrl\u00fc mimariye uyum sa\u011flayan Kilitli Parke Ta\u015f\u0131, sa\u011flaml\u0131\u011f\u0131n\u0131n yan\u0131 s\u0131ra dekoratif g\u00f6r\u00fcn\u00fcm\u00fcyle de ihtiyac\u0131n\u0131za en iyi ve en ucuz \u015fekilde cevap verebilmektedir.<\/p>\n<p align=\"JUSTIFY\"><img loading=\"lazy\" decoding=\"async\" class=\"alignnone size-full wp-image-2846\" alt=\"kilit_parke_tasi\" src=\"http:\/\/agreton.com.tr\/tr\/wp-content\/uploads\/2014\/02\/kilit_parke_tasi.jpg\" width=\"462\" height=\"208\" srcset=\"http:\/\/agreton.com.tr\/tr\/wp-content\/uploads\/2014\/02\/kilit_parke_tasi.jpg 462w, http:\/\/agreton.com.tr\/tr\/wp-content\/uploads\/2014\/02\/kilit_parke_tasi-250x112.jpg 250w\" sizes=\"auto, (max-width: 462px) 100vw, 462px\" \/><\/p>\n<p align=\"JUSTIFY\"><img loading=\"lazy\" decoding=\"async\" class=\"alignnone size-full wp-image-2836\" alt=\"kilit_park\" src=\"http:\/\/agreton.com.tr\/tr\/wp-content\/uploads\/2014\/03\/kilit_park.jpg\" width=\"462\" height=\"67\" srcset=\"http:\/\/agreton.com.tr\/tr\/wp-content\/uploads\/2014\/03\/kilit_park.jpg 462w, http:\/\/agreton.com.tr\/tr\/wp-content\/uploads\/2014\/03\/kilit_park-250x36.jpg 250w\" sizes=\"auto, (max-width: 462px) 100vw, 462px\" \/><span style=\"line-height: 1.714285714; font-size: 1rem;\"><\/div><\/span><\/p>\n<p align=\"JUSTIFY\"><div class=\"symple-column symple-one-half symple-column-last \"><b style=\"color: #ff0000; line-height: 1.714285714; font-size: 1rem;\">HOLLAND PARKE TA\u015eI<\/b><\/p>\n<p align=\"JUSTIFY\">Genelde tretuvarlarda, ye\u015fil alan yaya yollar\u0131nda ve parklarda s\u0131k\u00e7a kullan\u0131lmaktad\u0131r. Ara\u00e7 trafi\u011fine maruz kalan alanlarda pek tercih edilen bir \u00fcr\u00fcn de\u011fildir. De\u011fi\u015fik \u015fekillerde d\u00f6\u015fenebilir. \u00c7a\u011fda\u015f Kentlerin vazge\u00e7ilmez bir \u00fcr\u00fcn\u00fc olarakta tan\u0131mlayabiliriz. \u00dcretim yelpazemizde yer verilen bir \u00fcr\u00fcnd\u00fcr. Farkl\u0131 renk se\u00e7enekleriyle ve y\u00fczey bazalt kaplamal\u0131 \u00e7e\u015fitleriyle m\u00fc\u015fterilerimizin hizmetine sunulmaktad\u0131r.<\/p>\n<p align=\"JUSTIFY\"><img loading=\"lazy\" decoding=\"async\" class=\"alignnone size-full wp-image-3170\" alt=\"holland_parke_tasi-(1)\" src=\"http:\/\/agreton.com.tr\/tr\/wp-content\/uploads\/2014\/02\/holland_parke_tasi-1.jpg\" width=\"462\" height=\"347\" srcset=\"http:\/\/agreton.com.tr\/tr\/wp-content\/uploads\/2014\/02\/holland_parke_tasi-1.jpg 462w, http:\/\/agreton.com.tr\/tr\/wp-content\/uploads\/2014\/02\/holland_parke_tasi-1-250x187.jpg 250w\" sizes=\"auto, (max-width: 462px) 100vw, 462px\" \/><\/p>\n<p align=\"JUSTIFY\"><img loading=\"lazy\" decoding=\"async\" class=\"alignnone size-full wp-image-2835\" alt=\"holland\" src=\"http:\/\/agreton.com.tr\/tr\/wp-content\/uploads\/2014\/03\/holland.jpg\" width=\"462\" height=\"65\" srcset=\"http:\/\/agreton.com.tr\/tr\/wp-content\/uploads\/2014\/03\/holland.jpg 462w, http:\/\/agreton.com.tr\/tr\/wp-content\/uploads\/2014\/03\/holland-250x35.jpg 250w\" sizes=\"auto, (max-width: 462px) 100vw, 462px\" \/><span style=\"font-size: 1rem; line-height: 1.714285714;\"><\/div><\/span><\/p>\n<p align=\"JUSTIFY\"><hr class=\"symple-divider solid \" style=\"margin-top: 2px;margin-bottom: 2px;\" \/>\n<p align=\"JUSTIFY\"><div class=\"symple-column symple-one-half symple-column-first \"><b style=\"color: #ff0000; line-height: 1.714285714; font-size: 1rem;\">BAH\u00c7E T\u0130P\u0130 BORD\u00dcR TA\u015eI<\/b><\/p>\n<p><span style=\"color: #000000;\">Kald\u0131r\u0131m ve ref\u00fcjleri yoldan ay\u0131rmak ve yol y\u00fczeyine gelen sular\u0131 ya\u011fmursuyu sistemine y\u00f6nlendirmek vb. ama\u00e7larla kald\u0131r\u0131m ve ref\u00fcj kenarlar\u0131na dizilen \u00e7e\u015fitli boy ve kesitlerde betondan imal edilen yap\u0131 elemanlar\u0131d\u0131r.<\/span><\/p>\n<p><img loading=\"lazy\" decoding=\"async\" class=\"alignnone size-full wp-image-2848\" alt=\"Bahce_tipi_bordur_tasi\" src=\"http:\/\/agreton.com.tr\/tr\/wp-content\/uploads\/2014\/02\/Bahce_tipi_bordur_tasi.jpg\" width=\"462\" height=\"224\" srcset=\"http:\/\/agreton.com.tr\/tr\/wp-content\/uploads\/2014\/02\/Bahce_tipi_bordur_tasi.jpg 462w, http:\/\/agreton.com.tr\/tr\/wp-content\/uploads\/2014\/02\/Bahce_tipi_bordur_tasi-250x121.jpg 250w\" sizes=\"auto, (max-width: 462px) 100vw, 462px\" \/><\/p>\n<p><img loading=\"lazy\" decoding=\"async\" class=\"alignnone size-full wp-image-2830\" alt=\"bahce_tipi\" src=\"http:\/\/agreton.com.tr\/tr\/wp-content\/uploads\/2014\/03\/bahce_tipi.jpg\" width=\"462\" height=\"68\" srcset=\"http:\/\/agreton.com.tr\/tr\/wp-content\/uploads\/2014\/03\/bahce_tipi.jpg 462w, http:\/\/agreton.com.tr\/tr\/wp-content\/uploads\/2014\/03\/bahce_tipi-250x36.jpg 250w\" sizes=\"auto, (max-width: 462px) 100vw, 462px\" \/><span style=\"line-height: 1.714285714; font-size: 1rem;\"><\/div><\/span><\/p>\n<p align=\"JUSTIFY\"><div class=\"symple-column symple-one-half symple-column-last \"><b style=\"color: #ff0000; line-height: 1.714285714; font-size: 1rem;\">BELED\u0130YE T\u0130P\u0130 BORD\u00dcR TA\u015eI<\/b><\/p>\n<p>Bu t\u00fcr bord\u00fcr ta\u015flar\u0131 genel olarak yaya yollar\u0131n\u0131n ana yollardan ayr\u0131lmas\u0131nda ve ye\u015fil alanlar\u0131n ara\u00e7 yollar\u0131ndan ayr\u0131lmas\u0131nda kullan\u0131lmaktad\u0131r.<\/p>\n<p><img loading=\"lazy\" decoding=\"async\" class=\"alignnone size-full wp-image-2849\" alt=\"belediye_tipi_bordur_tasi\" src=\"http:\/\/agreton.com.tr\/tr\/wp-content\/uploads\/2014\/02\/belediye_tipi_bordur_tasi.jpg\" width=\"462\" height=\"220\" srcset=\"http:\/\/agreton.com.tr\/tr\/wp-content\/uploads\/2014\/02\/belediye_tipi_bordur_tasi.jpg 462w, http:\/\/agreton.com.tr\/tr\/wp-content\/uploads\/2014\/02\/belediye_tipi_bordur_tasi-250x119.jpg 250w\" sizes=\"auto, (max-width: 462px) 100vw, 462px\" \/><\/p>\n<p><img loading=\"lazy\" decoding=\"async\" class=\"alignnone size-full wp-image-2831\" alt=\"belediye\" src=\"http:\/\/agreton.com.tr\/tr\/wp-content\/uploads\/2014\/03\/belediye.jpg\" width=\"462\" height=\"69\" srcset=\"http:\/\/agreton.com.tr\/tr\/wp-content\/uploads\/2014\/03\/belediye.jpg 462w, http:\/\/agreton.com.tr\/tr\/wp-content\/uploads\/2014\/03\/belediye-250x37.jpg 250w\" sizes=\"auto, (max-width: 462px) 100vw, 462px\" \/><\/div>\n<hr class=\"symple-divider solid \" style=\"margin-top: 2px;margin-bottom: 2px;\" \/>\n<p align=\"JUSTIFY\"><span style=\"line-height: 1.714285714; font-size: 1rem;\"><span style=\"line-height: 1.714285714; font-size: 1rem;\"><div class=\"symple-column symple-one-half symple-column-first \"><\/span><\/span><b style=\"color: #ff0000; line-height: 1.714285714; font-size: 1rem;\">YA\u011eMUR OLU\u011eU<\/b><\/p>\n<p>Ya\u011fmur oluklar\u0131; bord\u00fcr ve parke ta\u015f\u0131 kaplamas\u0131 aras\u0131nda ya\u011fmur sular\u0131n\u0131 toplayan bir hat olu\u015fturmak i\u00e7in kullan\u0131l\u0131rlar.<\/p>\n<p><img loading=\"lazy\" decoding=\"async\" class=\"alignnone size-full wp-image-2850\" alt=\"yagmur_olugu\" src=\"http:\/\/agreton.com.tr\/tr\/wp-content\/uploads\/2014\/02\/yagmur_olugu.jpg\" width=\"462\" height=\"207\" srcset=\"http:\/\/agreton.com.tr\/tr\/wp-content\/uploads\/2014\/02\/yagmur_olugu.jpg 462w, http:\/\/agreton.com.tr\/tr\/wp-content\/uploads\/2014\/02\/yagmur_olugu-250x112.jpg 250w\" sizes=\"auto, (max-width: 462px) 100vw, 462px\" \/><\/p>\n<p><img loading=\"lazy\" decoding=\"async\" class=\"alignnone size-full wp-image-2837\" alt=\"yagmur_oluk\" src=\"http:\/\/agreton.com.tr\/tr\/wp-content\/uploads\/2014\/03\/yagmur_oluk.jpg\" width=\"462\" height=\"71\" srcset=\"http:\/\/agreton.com.tr\/tr\/wp-content\/uploads\/2014\/03\/yagmur_oluk.jpg 462w, http:\/\/agreton.com.tr\/tr\/wp-content\/uploads\/2014\/03\/yagmur_oluk-250x38.jpg 250w\" sizes=\"auto, (max-width: 462px) 100vw, 462px\" \/><\/div>\n<p align=\"JUSTIFY\"><span style=\"line-height: 1.714285714; font-size: 1rem;\"><span style=\"line-height: 1.714285714; font-size: 1rem;\"><div class=\"symple-column symple-one-half symple-column-last \"><\/span><\/span><b style=\"color: #ff0000; line-height: 1.714285714; font-size: 1rem;\">BACA TABAN ELEMANI<\/b><\/p>\n<p>Kanalizasyon ve altyap\u0131larda y\u00f6nlendirme\/da\u011f\u0131t\u0131m olarak kullan\u0131lmaktad\u0131r. 200-300-400-500-600(mm) olarak \u00fcr\u00fcn gam\u0131m\u0131zda ye almaktad\u0131r.<\/p>\n<p><img loading=\"lazy\" decoding=\"async\" class=\"alignnone size-full wp-image-2851\" alt=\"baca_taban_elemani\" src=\"http:\/\/agreton.com.tr\/tr\/wp-content\/uploads\/2014\/02\/baca_taban_elemani.jpg\" width=\"462\" height=\"287\" srcset=\"http:\/\/agreton.com.tr\/tr\/wp-content\/uploads\/2014\/02\/baca_taban_elemani.jpg 462w, http:\/\/agreton.com.tr\/tr\/wp-content\/uploads\/2014\/02\/baca_taban_elemani-250x155.jpg 250w\" sizes=\"auto, (max-width: 462px) 100vw, 462px\" \/><\/p>\n<p><img loading=\"lazy\" decoding=\"async\" class=\"alignnone size-full wp-image-2829\" alt=\"baca_tavan\" src=\"http:\/\/agreton.com.tr\/tr\/wp-content\/uploads\/2014\/03\/baca_tavan.jpg\" width=\"462\" height=\"68\" srcset=\"http:\/\/agreton.com.tr\/tr\/wp-content\/uploads\/2014\/03\/baca_tavan.jpg 462w, http:\/\/agreton.com.tr\/tr\/wp-content\/uploads\/2014\/03\/baca_tavan-250x36.jpg 250w\" sizes=\"auto, (max-width: 462px) 100vw, 462px\" \/><\/div>\n<hr class=\"symple-divider solid \" style=\"margin-top: 2px;margin-bottom: 2px;\" \/>\n<p align=\"JUSTIFY\"><span style=\"line-height: 1.714285714; font-size: 1rem;\"><span style=\"line-height: 1.714285714; font-size: 1rem;\"><div class=\"symple-column symple-one-half symple-column-first \"><\/span><\/span><b style=\"color: #ff0000; line-height: 1.714285714; font-size: 1rem;\">BETON BORU<\/b><\/p>\n<p align=\"JUSTIFY\">Caddeler, sokaklar, parklar, bah\u00e7eler, apartmanlar, otoparklar, end\u00fcstriyel alanlar olmak \u00fczere t\u00fcm kanalizasyon ve \u00e7evre d\u00fczenleme in\u015faatlar\u0131nda, alt\u0131 yap\u0131 denilince en \u00e7ok kullan\u0131lan malzemelerdendir.<\/p>\n<p align=\"JUSTIFY\"><img loading=\"lazy\" decoding=\"async\" class=\"alignnone size-full wp-image-2852\" alt=\"beton_boru\" src=\"http:\/\/agreton.com.tr\/tr\/wp-content\/uploads\/2014\/02\/beton_boru.jpg\" width=\"462\" height=\"280\" srcset=\"http:\/\/agreton.com.tr\/tr\/wp-content\/uploads\/2014\/02\/beton_boru.jpg 462w, http:\/\/agreton.com.tr\/tr\/wp-content\/uploads\/2014\/02\/beton_boru-250x151.jpg 250w\" sizes=\"auto, (max-width: 462px) 100vw, 462px\" \/><\/p>\n<p align=\"JUSTIFY\"><img loading=\"lazy\" decoding=\"async\" class=\"alignnone size-full wp-image-2832\" alt=\"beton_boru\" src=\"http:\/\/agreton.com.tr\/tr\/wp-content\/uploads\/2014\/03\/beton_boru.jpg\" width=\"462\" height=\"175\" srcset=\"http:\/\/agreton.com.tr\/tr\/wp-content\/uploads\/2014\/03\/beton_boru.jpg 462w, http:\/\/agreton.com.tr\/tr\/wp-content\/uploads\/2014\/03\/beton_boru-250x94.jpg 250w\" sizes=\"auto, (max-width: 462px) 100vw, 462px\" \/><\/p>\n<p align=\"JUSTIFY\"><b style=\"color: #ff0000; line-height: 1.714285714; font-size: 1rem;\">G\u00d6VDE B\u0130LEZ\u0130\u011e\u0130<\/b><\/p>\n<p align=\"JUSTIFY\"><img loading=\"lazy\" decoding=\"async\" class=\"alignnone size-full wp-image-2853\" alt=\"gove_bilezigi\" src=\"http:\/\/agreton.com.tr\/tr\/wp-content\/uploads\/2014\/02\/gove_bilezigi.jpg\" width=\"462\" height=\"259\" srcset=\"http:\/\/agreton.com.tr\/tr\/wp-content\/uploads\/2014\/02\/gove_bilezigi.jpg 462w, http:\/\/agreton.com.tr\/tr\/wp-content\/uploads\/2014\/02\/gove_bilezigi-250x140.jpg 250w\" sizes=\"auto, (max-width: 462px) 100vw, 462px\" \/><\/p>\n<p align=\"JUSTIFY\"><img loading=\"lazy\" decoding=\"async\" class=\"alignnone size-full wp-image-2834\" style=\"line-height: 1.714285714; font-size: 1rem;\" alt=\"govde\" src=\"http:\/\/agreton.com.tr\/tr\/wp-content\/uploads\/2014\/03\/govde.jpg\" width=\"462\" height=\"93\" srcset=\"http:\/\/agreton.com.tr\/tr\/wp-content\/uploads\/2014\/03\/govde.jpg 462w, http:\/\/agreton.com.tr\/tr\/wp-content\/uploads\/2014\/03\/govde-250x50.jpg 250w\" sizes=\"auto, (max-width: 462px) 100vw, 462px\" \/><\/p>\n<p align=\"JUSTIFY\"><span style=\"line-height: 1.714285714; font-size: 1rem;\"><\/div><\/span><\/p>\n<p align=\"JUSTIFY\"><span style=\"line-height: 1.714285714; font-size: 1rem;\"><span style=\"line-height: 1.714285714; font-size: 1rem;\"><div class=\"symple-column symple-one-half symple-column-last \"><\/span><\/span><b style=\"color: #ff0000; line-height: 1.714285714; font-size: 1rem;\">BACA KON\u0130K ELEMANI<\/b><\/p>\n<p align=\"JUSTIFY\"><img loading=\"lazy\" decoding=\"async\" alt=\"baca_konik_elemani\" src=\"http:\/\/agreton.com.tr\/tr\/wp-content\/uploads\/2014\/02\/baca_konik_elemani.jpg\" width=\"462\" height=\"147\" \/><\/p>\n<p align=\"JUSTIFY\"><b style=\"color: #ff0000; line-height: 1.714285714; font-size: 1rem;\"><img loading=\"lazy\" decoding=\"async\" class=\"alignnone size-full wp-image-2828\" style=\"line-height: 1.714285714; font-size: 1rem;\" alt=\"baca_kolik\" src=\"http:\/\/agreton.com.tr\/tr\/wp-content\/uploads\/2014\/03\/baca_kolik.jpg\" width=\"462\" height=\"67\" srcset=\"http:\/\/agreton.com.tr\/tr\/wp-content\/uploads\/2014\/03\/baca_kolik.jpg 462w, http:\/\/agreton.com.tr\/tr\/wp-content\/uploads\/2014\/03\/baca_kolik-250x36.jpg 250w\" sizes=\"auto, (max-width: 462px) 100vw, 462px\" \/><\/b><\/p>\n<p align=\"JUSTIFY\"><b style=\"color: #ff0000; line-height: 1.714285714; font-size: 1rem;\">B\u0130MS BLOK<\/b><\/p>\n<p align=\"JUSTIFY\">Pomzadan imal edilen yap\u0131 malzemelerinin en \u00f6nemlisi bims bloklard\u0131r. Bims bloklar y\u00fcksek \u0131s\u0131 ve ses yal\u0131t\u0131m\u0131, y\u00fcksek mukavemet g\u00f6stermeleri ve depreme dayan\u0131kl\u0131 mek\u00e2nlar\u0131 en ucuza mal etme gibi \u00f6zelliklerinden dolay\u0131 sekt\u00f6r\u00fcn vazge\u00e7ilmezlerinden olmu\u015ftur. Bims bloklarla in\u015faas\u0131 yap\u0131lan binalarda y\u00fcksek ses ve g\u00fcr\u00fclt\u00fclere kar\u015f\u0131 sessiz ortamlar meydana getirilmektedir. Pomza ve mamul\u00fc bims bloklarda homojen olarak da\u011f\u0131lm\u0131\u015f e\u015fsiz do\u011fal bo\u015fluklu yap\u0131s\u0131, hafifli\u011fi, kristal suyu i\u00e7ermemesi, \u0131s\u0131 ve sese kar\u015f\u0131 m\u00fckemmel yal\u0131t\u0131m \u00f6zelli\u011fi gibi niteliklerinden dolay\u0131, kullan\u0131m miktar\u0131 her ge\u00e7en sene artma tirendi g\u00f6stermektedir. Ayr\u0131ca, yap\u0131sal konfor, g\u00fcr\u00fclt\u00fcn\u00fcn neden oldu\u011fu stres ve fazladan enerji t\u00fcketimi ve bunun neticesinde meydana gelen hava kirlili\u011fi a\u00e7\u0131s\u0131ndan, yap\u0131larda bu hammaddenin kullan\u0131lmas\u0131nda bir\u00e7ok faydalar getirece\u011fi g\u00f6r\u00fclm\u00fc\u015ft\u00fcr.<\/p>\n<p align=\"JUSTIFY\"><img loading=\"lazy\" decoding=\"async\" class=\"alignnone size-full wp-image-2855\" alt=\"bims_blok\" src=\"http:\/\/agreton.com.tr\/tr\/wp-content\/uploads\/2014\/02\/bims_blok.jpg\" width=\"462\" height=\"237\" srcset=\"http:\/\/agreton.com.tr\/tr\/wp-content\/uploads\/2014\/02\/bims_blok.jpg 462w, http:\/\/agreton.com.tr\/tr\/wp-content\/uploads\/2014\/02\/bims_blok-250x128.jpg 250w\" sizes=\"auto, (max-width: 462px) 100vw, 462px\" \/><\/p>\n<p align=\"JUSTIFY\"><img loading=\"lazy\" decoding=\"async\" class=\"alignnone size-full wp-image-2833\" style=\"line-height: 1.714285714; font-size: 1rem;\" alt=\"bims_blok\" src=\"http:\/\/agreton.com.tr\/tr\/wp-content\/uploads\/2014\/03\/bims_blok.jpg\" width=\"462\" height=\"174\" srcset=\"http:\/\/agreton.com.tr\/tr\/wp-content\/uploads\/2014\/03\/bims_blok.jpg 462w, http:\/\/agreton.com.tr\/tr\/wp-content\/uploads\/2014\/03\/bims_blok-250x94.jpg 250w\" sizes=\"auto, (max-width: 462px) 100vw, 462px\" \/><span style=\"line-height: 1.714285714; font-size: 1rem;\"><\/div><\/span><\/p>\n<p align=\"JUSTIFY\"><span style=\"color: #ff0000;\"><b>PARSEL BACA ELEMANLARI<\/b><\/span><\/p>\n<p align=\"JUSTIFY\">Pis su ba\u011flant\u0131 hatlar\u0131 in\u015faat\u0131nda bina \u00e7\u0131k\u0131\u015flar\u0131na kontrol ve m\u00fcdahale ama\u00e7l\u0131 konan bacalara Parsel Bacas\u0131 denir. Ad\u0131ndan da anla\u015f\u0131laca\u011f\u0131 \u00fczere o parsele ait ve parselin s\u0131n\u0131rlar\u0131 i\u00e7erisinde kalan m\u00fcstakil bir imalatt\u0131r.<\/p>\n<p align=\"JUSTIFY\"><img loading=\"lazy\" decoding=\"async\" class=\"alignnone size-full wp-image-3172\" alt=\"parsel_baca_elemanlar\u0131\" src=\"http:\/\/agreton.com.tr\/tr\/wp-content\/uploads\/2014\/02\/parsel_baca_elemanlar\u0131.jpg\" width=\"960\" height=\"462\" srcset=\"http:\/\/agreton.com.tr\/tr\/wp-content\/uploads\/2014\/02\/parsel_baca_elemanlar\u0131.jpg 960w, http:\/\/agreton.com.tr\/tr\/wp-content\/uploads\/2014\/02\/parsel_baca_elemanlar\u0131-820x394.jpg 820w, http:\/\/agreton.com.tr\/tr\/wp-content\/uploads\/2014\/02\/parsel_baca_elemanlar\u0131-250x120.jpg 250w, http:\/\/agreton.com.tr\/tr\/wp-content\/uploads\/2014\/02\/parsel_baca_elemanlar\u0131-624x300.jpg 624w\" sizes=\"auto, (max-width: 960px) 100vw, 960px\" \/><\/p>\n<p align=\"JUSTIFY\"><img loading=\"lazy\" decoding=\"async\" class=\"alignnone size-full wp-image-3177\" alt=\"parsel_baca_ozellikk\" src=\"http:\/\/agreton.com.tr\/tr\/wp-content\/uploads\/2014\/02\/parsel_baca_ozellikk1.jpg\" width=\"771\" height=\"301\" srcset=\"http:\/\/agreton.com.tr\/tr\/wp-content\/uploads\/2014\/02\/parsel_baca_ozellikk1.jpg 771w, http:\/\/agreton.com.tr\/tr\/wp-content\/uploads\/2014\/02\/parsel_baca_ozellikk1-250x97.jpg 250w, http:\/\/agreton.com.tr\/tr\/wp-content\/uploads\/2014\/02\/parsel_baca_ozellikk1-624x243.jpg 624w\" sizes=\"auto, (max-width: 771px) 100vw, 771px\" \/><\/p>\n<p><span style=\"color: #ff0000;\"><strong><b>ENTEGRE CONTALI BETON BORU<\/b><\/strong><\/span><\/p>\n<div class=\"symple-column symple-one-half symple-column-first \">\nBeton veya Betonarme Borulara \u00fcretim s\u0131ras\u0131nda \u00f6zel s\u0131zd\u0131rmazl\u0131k contas\u0131 tak\u0131larak imal edildi\u011finden contan\u0131n ters d\u00f6nmesi veya s\u0131k\u0131\u015fmas\u0131 gibi \u00f6nceden ya\u015fanan s\u0131zd\u0131rmazl\u0131k sorunlar\u0131n\u0131n \u00f6n\u00fcne ge\u00e7ilmi\u015f olur.<br \/>\n<\/div>\n<p><img loading=\"lazy\" decoding=\"async\" class=\"alignnone size-full wp-image-3179\" alt=\"entegre_contali_beton_boru\" src=\"http:\/\/agreton.com.tr\/tr\/wp-content\/uploads\/2014\/02\/entegre_contali_beton_boru.jpg\" width=\"462\" height=\"567\" srcset=\"http:\/\/agreton.com.tr\/tr\/wp-content\/uploads\/2014\/02\/entegre_contali_beton_boru.jpg 462w, http:\/\/agreton.com.tr\/tr\/wp-content\/uploads\/2014\/02\/entegre_contali_beton_boru-250x306.jpg 250w\" sizes=\"auto, (max-width: 462px) 100vw, 462px\" \/><\/p>\n<p>&nbsp;<\/p>\n","protected":false},"excerpt":{"rendered":"<p>Agreton olarak makineli \u00fcretim diye nitelendirdi\u011fimiz ve yakla\u015f\u0131k 500 m2 lik kapal\u0131 \u2013 1000 m2lik a\u00e7\u0131k alan\u0131m\u0131zda \u00fcretim yapmaktay\u0131z. \u00dcr\u00fcnlerimiz altyap\u0131\/\u00e7evre ve hafif yap\u0131 elemanlar\u0131 diye iki ana gruba ayr\u0131lmaktad\u0131r. Altyap\u0131\/\u00e7evre elemanlar\u0131m\u0131zda parke ta\u015flar\u0131, bord\u00fcrler, beton borular\u0131, ya\u011fmur oluklar\u0131, baca taban elemanlar\u0131, parsel baca elemanlar\u0131, kutu menfez, g\u00f6vde bilezikleri, konikler vb. \u00fcr\u00fcnler yer almaktad\u0131r. Hafif [&hellip;]<\/p>\n","protected":false},"author":1,"featured_media":0,"parent":0,"menu_order":0,"comment_status":"open","ping_status":"open","template":"page-templates\/full-width.php","meta":{"footnotes":""},"class_list":["post-2780","page","type-page","status-publish","hentry"],"_links":{"self":[{"href":"http:\/\/agreton.com.tr\/tr\/index.php?rest_route=\/wp\/v2\/pages\/2780","targetHints":{"allow":["GET"]}}],"collection":[{"href":"http:\/\/agreton.com.tr\/tr\/index.php?rest_route=\/wp\/v2\/pages"}],"about":[{"href":"http:\/\/agreton.com.tr\/tr\/index.php?rest_route=\/wp\/v2\/types\/page"}],"author":[{"embeddable":true,"href":"http:\/\/agreton.com.tr\/tr\/index.php?rest_route=\/wp\/v2\/users\/1"}],"replies":[{"embeddable":true,"href":"http:\/\/agreton.com.tr\/tr\/index.php?rest_route=%2Fwp%2Fv2%2Fcomments&post=2780"}],"version-history":[{"count":23,"href":"http:\/\/agreton.com.tr\/tr\/index.php?rest_route=\/wp\/v2\/pages\/2780\/revisions"}],"predecessor-version":[{"id":3180,"href":"http:\/\/agreton.com.tr\/tr\/index.php?rest_route=\/wp\/v2\/pages\/2780\/revisions\/3180"}],"wp:attachment":[{"href":"http:\/\/agreton.com.tr\/tr\/index.php?rest_route=%2Fwp%2Fv2%2Fmedia&parent=2780"}],"curies":[{"name":"wp","href":"https:\/\/api.w.org\/{rel}","templated":true}]}}