{"id":3127,"date":"2014-04-02T12:23:27","date_gmt":"2014-04-02T09:23:27","guid":{"rendered":"http:\/\/agreton.com.tr\/tr\/?page_id=3127"},"modified":"2014-04-02T12:23:27","modified_gmt":"2014-04-02T09:23:27","slug":"insan-kaynaklari","status":"publish","type":"page","link":"http:\/\/agreton.com.tr\/tr\/?page_id=3127","title":{"rendered":"\u0130NSAN KAYNAKLARI"},"content":{"rendered":"<p><span style=\"line-height: 1.714285714; font-size: 1rem;\"><div class=\"symple-callout symple-clearfix \"><div class=\"symple-callout-caption\">\u0130nsan Kaynaklar\u0131 Ba\u015fvuru<\/div><div class=\"symple-callout-button\"><a href=\"http:\/\/agreton.com.tr\/tr\/wp-content\/uploads\/2014\/04\/Agreton_IK.pdf\" title=\"Ba\u015fvuru Formu\" target=\"_blank\" class=\"symple-button blue\" ><span class=\"symple-button-inner\">Ba\u015fvuru Formu<\/span><\/a><\/div><\/div><\/span><\/p>\n<p><span style=\"line-height: 1.714285714; font-size: 1rem;\"><div class=\"symple-column symple-one-half symple-column-first \"><\/span><span style=\"line-height: 1.714285714; font-size: 1rem;\">Ba\u015fvuru Formu G\u00f6nderme<\/span><\/p>\n<p>L\u00fctfen yukar\u0131da indirdi\u011finiz PDF formu doldurup, buradan y\u00fckleyerek g\u00f6nderiniz.<br \/>\n<\/div>\n<div class=\"symple-column symple-one-half symple-column-last \">\n<div class=\"wpcf7\" id=\"wpcf7-f3123-o1\"><form action=\"\/tr\/index.php?rest_route=%2Fwp%2Fv2%2Fpages%2F3127#wpcf7-f3123-o1\" method=\"post\" class=\"wpcf7-form\" enctype=\"multipart\/form-data\" novalidate=\"novalidate\">\n<div style=\"display: none;\">\n<input type=\"hidden\" name=\"_wpcf7\" value=\"3123\" \/>\n<input type=\"hidden\" name=\"_wpcf7_version\" value=\"3.7.1\" \/>\n<input type=\"hidden\" name=\"_wpcf7_locale\" value=\"tr_TR\" \/>\n<input type=\"hidden\" name=\"_wpcf7_unit_tag\" value=\"wpcf7-f3123-o1\" \/>\n<input type=\"hidden\" name=\"_wpnonce\" value=\"4f03a6b389\" \/>\n<\/div>\n<p>Ad\u0131n\u0131z (gerekli)<br \/>\n    <span class=\"wpcf7-form-control-wrap your-name\"><input type=\"text\" name=\"your-name\" value=\"\" size=\"40\" class=\"wpcf7-form-control wpcf7-text wpcf7-validates-as-required\" aria-required=\"true\" aria-invalid=\"false\" \/><\/span> <\/p>\n<p>Epostan\u0131z (gerekli)<br \/>\n    <span class=\"wpcf7-form-control-wrap your-email\"><input type=\"email\" name=\"your-email\" value=\"\" size=\"40\" class=\"wpcf7-form-control wpcf7-text wpcf7-email wpcf7-validates-as-required wpcf7-validates-as-email\" aria-required=\"true\" aria-invalid=\"false\" \/><\/span> <\/p>\n<p>Ba\u015fvuru Formunuz<br \/>\n    <span class=\"wpcf7-form-control-wrap file-829\"><input type=\"file\" name=\"file-829\" value=\"1\" size=\"40\" class=\"wpcf7-form-control wpcf7-file wpcf7-validates-as-required\" aria-required=\"true\" aria-invalid=\"false\" \/><\/span> <\/p>\n<p><input type=\"submit\" value=\"G\u00f6nder\" class=\"wpcf7-form-control wpcf7-submit\" \/><\/p>\n<div class=\"wpcf7-response-output wpcf7-display-none\"><\/div><\/form><\/div>\n<\/div>\n<p>&nbsp;<\/p>\n","protected":false},"excerpt":{"rendered":"<p>&nbsp;<\/p>\n","protected":false},"author":1,"featured_media":0,"parent":0,"menu_order":0,"comment_status":"open","ping_status":"closed","template":"page-templates\/full-width.php","meta":{"footnotes":""},"class_list":["post-3127","page","type-page","status-publish","hentry"],"_links":{"self":[{"href":"http:\/\/agreton.com.tr\/tr\/index.php?rest_route=\/wp\/v2\/pages\/3127","targetHints":{"allow":["GET"]}}],"collection":[{"href":"http:\/\/agreton.com.tr\/tr\/index.php?rest_route=\/wp\/v2\/pages"}],"about":[{"href":"http:\/\/agreton.com.tr\/tr\/index.php?rest_route=\/wp\/v2\/types\/page"}],"author":[{"embeddable":true,"href":"http:\/\/agreton.com.tr\/tr\/index.php?rest_route=\/wp\/v2\/users\/1"}],"replies":[{"embeddable":true,"href":"http:\/\/agreton.com.tr\/tr\/index.php?rest_route=%2Fwp%2Fv2%2Fcomments&post=3127"}],"version-history":[{"count":2,"href":"http:\/\/agreton.com.tr\/tr\/index.php?rest_route=\/wp\/v2\/pages\/3127\/revisions"}],"predecessor-version":[{"id":3311,"href":"http:\/\/agreton.com.tr\/tr\/index.php?rest_route=\/wp\/v2\/pages\/3127\/revisions\/3311"}],"wp:attachment":[{"href":"http:\/\/agreton.com.tr\/tr\/index.php?rest_route=%2Fwp%2Fv2%2Fmedia&parent=3127"}],"curies":[{"name":"wp","href":"https:\/\/api.w.org\/{rel}","templated":true}]}}