{"id":3132,"date":"2014-04-08T18:11:29","date_gmt":"2014-04-08T15:11:29","guid":{"rendered":"http:\/\/agreton.com.tr\/tr\/?page_id=3132"},"modified":"2014-04-14T13:33:26","modified_gmt":"2014-04-14T10:33:26","slug":"duyurular","status":"publish","type":"page","link":"http:\/\/agreton.com.tr\/tr\/?page_id=3132","title":{"rendered":"DUYURULAR"},"content":{"rendered":"<p>T\u00fcm Duyurular<\/p>\n<p>1- A\u011fa\u00e7 dikme faaliyeti\u00a0:<\/p>\n<p>U\u015eAK Orman \u0130\u015fletme \u015eefli\u011fi koordinasyonunda, \u00a0Agreton Beton ve Yap\u0131 Elemanlar\u0131 San. Ti\u00e7. A.\u015e. \u00a0kat\u0131l\u0131m\u0131 ile \u00a0Sorkun Yaylas\u0131nda a\u011fa\u00e7 dikme faaliyeti ger\u00e7ekle\u015ftirildi. Etkinlikte Agreton Beton ve Yap\u0131 Elemanlar\u0131 San. Ti\u00e7. A.\u015e. personeli \u00a0taraf\u0131ndan 300 \u00e7am fidan\u0131 daha \u00f6nce yang\u0131n ge\u00e7irmi\u015f araziye dikildi.<\/p>\n\n\t\t<style type=\"text\/css\">\n\t\t\t#gallery-1 {\n\t\t\t\tmargin: auto;\n\t\t\t}\n\t\t\t#gallery-1 .gallery-item {\n\t\t\t\tfloat: left;\n\t\t\t\tmargin-top: 10px;\n\t\t\t\ttext-align: center;\n\t\t\t\twidth: 25%;\n\t\t\t}\n\t\t\t#gallery-1 img {\n\t\t\t\tborder: 2px solid #cfcfcf;\n\t\t\t}\n\t\t\t#gallery-1 .gallery-caption {\n\t\t\t\tmargin-left: 0;\n\t\t\t}\n\t\t\t\/* see gallery_shortcode() in wp-includes\/media.php *\/\n\t\t<\/style>\n\t\t<div id='gallery-1' class='gallery galleryid-3132 gallery-columns-4 gallery-size-thumbnail'><dl class='gallery-item'>\n\t\t\t<dt class='gallery-icon landscape'>\n\t\t\t\t<a href='http:\/\/agreton.com.tr\/tr\/wp-content\/uploads\/2014\/04\/P4050001.jpg'><img loading=\"lazy\" decoding=\"async\" width=\"150\" height=\"150\" src=\"http:\/\/agreton.com.tr\/tr\/wp-content\/uploads\/2014\/04\/P4050001-150x150.jpg\" class=\"attachment-thumbnail size-thumbnail\" alt=\"\" \/><\/a>\n\t\t\t<\/dt><\/dl><dl class='gallery-item'>\n\t\t\t<dt class='gallery-icon landscape'>\n\t\t\t\t<a href='http:\/\/agreton.com.tr\/tr\/wp-content\/uploads\/2014\/04\/P4050009.jpg'><img loading=\"lazy\" decoding=\"async\" width=\"150\" height=\"150\" src=\"http:\/\/agreton.com.tr\/tr\/wp-content\/uploads\/2014\/04\/P4050009-150x150.jpg\" class=\"attachment-thumbnail size-thumbnail\" alt=\"\" \/><\/a>\n\t\t\t<\/dt><\/dl><dl class='gallery-item'>\n\t\t\t<dt class='gallery-icon landscape'>\n\t\t\t\t<a href='http:\/\/agreton.com.tr\/tr\/wp-content\/uploads\/2014\/04\/P4050010.jpg'><img loading=\"lazy\" decoding=\"async\" width=\"150\" height=\"150\" src=\"http:\/\/agreton.com.tr\/tr\/wp-content\/uploads\/2014\/04\/P4050010-150x150.jpg\" class=\"attachment-thumbnail size-thumbnail\" alt=\"\" \/><\/a>\n\t\t\t<\/dt><\/dl><dl class='gallery-item'>\n\t\t\t<dt class='gallery-icon landscape'>\n\t\t\t\t<a href='http:\/\/agreton.com.tr\/tr\/wp-content\/uploads\/2014\/04\/P4050011.jpg'><img loading=\"lazy\" decoding=\"async\" width=\"150\" height=\"150\" src=\"http:\/\/agreton.com.tr\/tr\/wp-content\/uploads\/2014\/04\/P4050011-150x150.jpg\" class=\"attachment-thumbnail size-thumbnail\" alt=\"\" \/><\/a>\n\t\t\t<\/dt><\/dl><br style=\"clear: both\" \/><dl class='gallery-item'>\n\t\t\t<dt class='gallery-icon landscape'>\n\t\t\t\t<a href='http:\/\/agreton.com.tr\/tr\/wp-content\/uploads\/2014\/04\/P4050012.jpg'><img loading=\"lazy\" decoding=\"async\" width=\"150\" height=\"150\" src=\"http:\/\/agreton.com.tr\/tr\/wp-content\/uploads\/2014\/04\/P4050012-150x150.jpg\" class=\"attachment-thumbnail size-thumbnail\" alt=\"\" \/><\/a>\n\t\t\t<\/dt><\/dl><dl class='gallery-item'>\n\t\t\t<dt class='gallery-icon landscape'>\n\t\t\t\t<a href='http:\/\/agreton.com.tr\/tr\/wp-content\/uploads\/2014\/04\/P4050013.jpg'><img loading=\"lazy\" decoding=\"async\" width=\"150\" height=\"150\" src=\"http:\/\/agreton.com.tr\/tr\/wp-content\/uploads\/2014\/04\/P4050013-150x150.jpg\" class=\"attachment-thumbnail size-thumbnail\" alt=\"\" \/><\/a>\n\t\t\t<\/dt><\/dl><dl class='gallery-item'>\n\t\t\t<dt class='gallery-icon landscape'>\n\t\t\t\t<a href='http:\/\/agreton.com.tr\/tr\/wp-content\/uploads\/2014\/04\/P4050022.jpg'><img loading=\"lazy\" decoding=\"async\" width=\"150\" height=\"150\" src=\"http:\/\/agreton.com.tr\/tr\/wp-content\/uploads\/2014\/04\/P4050022-150x150.jpg\" class=\"attachment-thumbnail size-thumbnail\" alt=\"\" \/><\/a>\n\t\t\t<\/dt><\/dl><dl class='gallery-item'>\n\t\t\t<dt class='gallery-icon landscape'>\n\t\t\t\t<a href='http:\/\/agreton.com.tr\/tr\/wp-content\/uploads\/2014\/04\/P4050024.jpg'><img loading=\"lazy\" decoding=\"async\" width=\"150\" height=\"150\" src=\"http:\/\/agreton.com.tr\/tr\/wp-content\/uploads\/2014\/04\/P4050024-150x150.jpg\" class=\"attachment-thumbnail size-thumbnail\" alt=\"\" \/><\/a>\n\t\t\t<\/dt><\/dl><br style=\"clear: both\" \/><dl class='gallery-item'>\n\t\t\t<dt class='gallery-icon landscape'>\n\t\t\t\t<a href='http:\/\/agreton.com.tr\/tr\/wp-content\/uploads\/2014\/04\/P4050027.jpg'><img loading=\"lazy\" decoding=\"async\" width=\"150\" height=\"150\" src=\"http:\/\/agreton.com.tr\/tr\/wp-content\/uploads\/2014\/04\/P4050027-150x150.jpg\" class=\"attachment-thumbnail size-thumbnail\" alt=\"\" \/><\/a>\n\t\t\t<\/dt><\/dl><dl class='gallery-item'>\n\t\t\t<dt class='gallery-icon landscape'>\n\t\t\t\t<a href='http:\/\/agreton.com.tr\/tr\/wp-content\/uploads\/2014\/04\/P4050029.jpg'><img loading=\"lazy\" decoding=\"async\" width=\"150\" height=\"150\" src=\"http:\/\/agreton.com.tr\/tr\/wp-content\/uploads\/2014\/04\/P4050029-150x150.jpg\" class=\"attachment-thumbnail size-thumbnail\" alt=\"\" \/><\/a>\n\t\t\t<\/dt><\/dl><dl class='gallery-item'>\n\t\t\t<dt class='gallery-icon landscape'>\n\t\t\t\t<a href='http:\/\/agreton.com.tr\/tr\/wp-content\/uploads\/2014\/04\/P4050030.jpg'><img loading=\"lazy\" decoding=\"async\" width=\"150\" height=\"150\" src=\"http:\/\/agreton.com.tr\/tr\/wp-content\/uploads\/2014\/04\/P4050030-150x150.jpg\" class=\"attachment-thumbnail size-thumbnail\" alt=\"\" \/><\/a>\n\t\t\t<\/dt><\/dl><dl class='gallery-item'>\n\t\t\t<dt class='gallery-icon landscape'>\n\t\t\t\t<a href='http:\/\/agreton.com.tr\/tr\/wp-content\/uploads\/2014\/04\/P4050035.jpg'><img loading=\"lazy\" decoding=\"async\" width=\"150\" height=\"150\" src=\"http:\/\/agreton.com.tr\/tr\/wp-content\/uploads\/2014\/04\/P4050035-150x150.jpg\" class=\"attachment-thumbnail size-thumbnail\" alt=\"\" \/><\/a>\n\t\t\t<\/dt><\/dl><br style=\"clear: both\" \/><dl class='gallery-item'>\n\t\t\t<dt class='gallery-icon landscape'>\n\t\t\t\t<a href='http:\/\/agreton.com.tr\/tr\/wp-content\/uploads\/2014\/04\/P4050044.jpg'><img loading=\"lazy\" decoding=\"async\" width=\"150\" height=\"150\" src=\"http:\/\/agreton.com.tr\/tr\/wp-content\/uploads\/2014\/04\/P4050044-150x150.jpg\" class=\"attachment-thumbnail size-thumbnail\" alt=\"\" \/><\/a>\n\t\t\t<\/dt><\/dl><dl class='gallery-item'>\n\t\t\t<dt class='gallery-icon landscape'>\n\t\t\t\t<a href='http:\/\/agreton.com.tr\/tr\/wp-content\/uploads\/2014\/04\/P4050048.jpg'><img loading=\"lazy\" decoding=\"async\" width=\"150\" height=\"150\" src=\"http:\/\/agreton.com.tr\/tr\/wp-content\/uploads\/2014\/04\/P4050048-150x150.jpg\" class=\"attachment-thumbnail size-thumbnail\" alt=\"\" \/><\/a>\n\t\t\t<\/dt><\/dl><dl class='gallery-item'>\n\t\t\t<dt class='gallery-icon landscape'>\n\t\t\t\t<a href='http:\/\/agreton.com.tr\/tr\/wp-content\/uploads\/2014\/04\/P4050055.jpg'><img loading=\"lazy\" decoding=\"async\" width=\"150\" height=\"150\" src=\"http:\/\/agreton.com.tr\/tr\/wp-content\/uploads\/2014\/04\/P4050055-150x150.jpg\" class=\"attachment-thumbnail size-thumbnail\" alt=\"\" \/><\/a>\n\t\t\t<\/dt><\/dl><dl class='gallery-item'>\n\t\t\t<dt class='gallery-icon landscape'>\n\t\t\t\t<a href='http:\/\/agreton.com.tr\/tr\/wp-content\/uploads\/2014\/04\/P4050065.jpg'><img loading=\"lazy\" decoding=\"async\" width=\"150\" height=\"150\" src=\"http:\/\/agreton.com.tr\/tr\/wp-content\/uploads\/2014\/04\/P4050065-150x150.jpg\" class=\"attachment-thumbnail size-thumbnail\" alt=\"\" \/><\/a>\n\t\t\t<\/dt><\/dl><br style=\"clear: both\" \/><dl class='gallery-item'>\n\t\t\t<dt class='gallery-icon landscape'>\n\t\t\t\t<a href='http:\/\/agreton.com.tr\/tr\/wp-content\/uploads\/2014\/04\/P4050091.jpg'><img loading=\"lazy\" decoding=\"async\" width=\"150\" height=\"150\" src=\"http:\/\/agreton.com.tr\/tr\/wp-content\/uploads\/2014\/04\/P4050091-150x150.jpg\" class=\"attachment-thumbnail size-thumbnail\" alt=\"\" \/><\/a>\n\t\t\t<\/dt><\/dl><dl class='gallery-item'>\n\t\t\t<dt class='gallery-icon landscape'>\n\t\t\t\t<a href='http:\/\/agreton.com.tr\/tr\/wp-content\/uploads\/2014\/04\/P4050098.jpg'><img loading=\"lazy\" decoding=\"async\" width=\"150\" height=\"150\" src=\"http:\/\/agreton.com.tr\/tr\/wp-content\/uploads\/2014\/04\/P4050098-150x150.jpg\" class=\"attachment-thumbnail size-thumbnail\" alt=\"\" \/><\/a>\n\t\t\t<\/dt><\/dl>\n\t\t\t<br style='clear: both' \/>\n\t\t<\/div>\n\n<p>2-Duyuru :<\/p>\n<p>M\u00fc\u015fterilerimizin istek ve ihtiya\u00e7lar\u0131 do\u011frultusunda, ana faaliyet konular\u0131m\u0131zdaki geli\u015fmeleri yak\u0131ndan takip etmek, \u00fcretim gam\u0131m\u0131zda yer alan \u00fcr\u00fcnlerle ilgili olan t\u00fcm geli\u015fmelerden haberdar olmak ve kuruma giren bilgileri \u00e7al\u0131\u015fanlar\u0131m\u0131zla, ekonomik \u00e7\u00f6z\u00fcmler olu\u015fturmakt\u0131r.<\/p>\n<p>3-Duyuru :<\/p>\n<p>M\u00fc\u015fterilerimizin istek ve ihtiya\u00e7lar\u0131 do\u011frultusunda, ana faaliyet konular\u0131m\u0131zdaki geli\u015fmeleri yak\u0131ndan takip etmek, \u00fcretim gam\u0131m\u0131zda yer alan \u00fcr\u00fcnlerle ilgili olan t\u00fcm geli\u015fmelerden haberdar olmak ve kuruma giren bilgileri \u00e7al\u0131\u015fanlar\u0131m\u0131zla, ekonomik \u00e7\u00f6z\u00fcmler olu\u015fturmakt\u0131r.<\/p>\n<p>4-Duyuru :<\/p>\n<p>M\u00fc\u015fterilerimizin istek ve ihtiya\u00e7lar\u0131 do\u011frultusunda, ana faaliyet konular\u0131m\u0131zdaki geli\u015fmeleri yak\u0131ndan takip etmek, \u00fcretim gam\u0131m\u0131zda yer alan \u00fcr\u00fcnlerle ilgili olan t\u00fcm geli\u015fmelerden haberdar olmak ve kuruma giren bilgileri \u00e7al\u0131\u015fanlar\u0131m\u0131zla, ekonomik \u00e7\u00f6z\u00fcmler olu\u015fturmakt\u0131r.<\/p>\n","protected":false},"excerpt":{"rendered":"<p>T\u00fcm Duyurular 1- A\u011fa\u00e7 dikme faaliyeti\u00a0: U\u015eAK Orman \u0130\u015fletme \u015eefli\u011fi koordinasyonunda, \u00a0Agreton Beton ve Yap\u0131 Elemanlar\u0131 San. Ti\u00e7. A.\u015e. \u00a0kat\u0131l\u0131m\u0131 ile \u00a0Sorkun Yaylas\u0131nda a\u011fa\u00e7 dikme faaliyeti ger\u00e7ekle\u015ftirildi. Etkinlikte Agreton Beton ve Yap\u0131 Elemanlar\u0131 San. Ti\u00e7. A.\u015e. personeli \u00a0taraf\u0131ndan 300 \u00e7am fidan\u0131 daha \u00f6nce yang\u0131n ge\u00e7irmi\u015f araziye dikildi. 2-Duyuru : M\u00fc\u015fterilerimizin istek ve ihtiya\u00e7lar\u0131 do\u011frultusunda, ana [&hellip;]<\/p>\n","protected":false},"author":1,"featured_media":0,"parent":0,"menu_order":0,"comment_status":"open","ping_status":"closed","template":"page-templates\/full-width.php","meta":{"footnotes":""},"class_list":["post-3132","page","type-page","status-publish","hentry"],"_links":{"self":[{"href":"http:\/\/agreton.com.tr\/tr\/index.php?rest_route=\/wp\/v2\/pages\/3132","targetHints":{"allow":["GET"]}}],"collection":[{"href":"http:\/\/agreton.com.tr\/tr\/index.php?rest_route=\/wp\/v2\/pages"}],"about":[{"href":"http:\/\/agreton.com.tr\/tr\/index.php?rest_route=\/wp\/v2\/types\/page"}],"author":[{"embeddable":true,"href":"http:\/\/agreton.com.tr\/tr\/index.php?rest_route=\/wp\/v2\/users\/1"}],"replies":[{"embeddable":true,"href":"http:\/\/agreton.com.tr\/tr\/index.php?rest_route=%2Fwp%2Fv2%2Fcomments&post=3132"}],"version-history":[{"count":10,"href":"http:\/\/agreton.com.tr\/tr\/index.php?rest_route=\/wp\/v2\/pages\/3132\/revisions"}],"predecessor-version":[{"id":3169,"href":"http:\/\/agreton.com.tr\/tr\/index.php?rest_route=\/wp\/v2\/pages\/3132\/revisions\/3169"}],"wp:attachment":[{"href":"http:\/\/agreton.com.tr\/tr\/index.php?rest_route=%2Fwp%2Fv2%2Fmedia&parent=3132"}],"curies":[{"name":"wp","href":"https:\/\/api.w.org\/{rel}","templated":true}]}}