{"id":3191,"date":"2016-12-15T11:57:52","date_gmt":"2016-12-15T09:57:52","guid":{"rendered":"http:\/\/agreton.com.tr\/tr\/?page_id=3191"},"modified":"2016-12-15T12:05:14","modified_gmt":"2016-12-15T10:05:14","slug":"aras-iplik","status":"publish","type":"page","link":"http:\/\/agreton.com.tr\/tr\/?page_id=3191","title":{"rendered":"Aras \u0130plik Tekstil Sanayi ve D\u0131\u015f. Ti\u00e7. Ltd \u015eti"},"content":{"rendered":"\n\t\t<style type=\"text\/css\">\n\t\t\t#gallery-1 {\n\t\t\t\tmargin: auto;\n\t\t\t}\n\t\t\t#gallery-1 .gallery-item {\n\t\t\t\tfloat: left;\n\t\t\t\tmargin-top: 10px;\n\t\t\t\ttext-align: center;\n\t\t\t\twidth: 33%;\n\t\t\t}\n\t\t\t#gallery-1 img {\n\t\t\t\tborder: 2px solid #cfcfcf;\n\t\t\t}\n\t\t\t#gallery-1 .gallery-caption {\n\t\t\t\tmargin-left: 0;\n\t\t\t}\n\t\t\t\/* see gallery_shortcode() in wp-includes\/media.php *\/\n\t\t<\/style>\n\t\t<div id='gallery-1' class='gallery galleryid-3191 gallery-columns-3 gallery-size-thumbnail'><dl class='gallery-item'>\n\t\t\t<dt class='gallery-icon landscape'>\n\t\t\t\t<a href='http:\/\/agreton.com.tr\/tr\/wp-content\/uploads\/2016\/12\/100_2724.jpg'><img loading=\"lazy\" decoding=\"async\" width=\"150\" height=\"150\" src=\"http:\/\/agreton.com.tr\/tr\/wp-content\/uploads\/2016\/12\/100_2724-150x150.jpg\" class=\"attachment-thumbnail size-thumbnail\" alt=\"\" \/><\/a>\n\t\t\t<\/dt><\/dl><dl class='gallery-item'>\n\t\t\t<dt class='gallery-icon landscape'>\n\t\t\t\t<a href='http:\/\/agreton.com.tr\/tr\/wp-content\/uploads\/2016\/12\/100_2725.jpg'><img loading=\"lazy\" decoding=\"async\" width=\"150\" height=\"150\" src=\"http:\/\/agreton.com.tr\/tr\/wp-content\/uploads\/2016\/12\/100_2725-150x150.jpg\" class=\"attachment-thumbnail size-thumbnail\" alt=\"\" \/><\/a>\n\t\t\t<\/dt><\/dl>\n\t\t\t<br style='clear: both' \/>\n\t\t<\/div>\n\n","protected":false},"excerpt":{"rendered":"","protected":false},"author":2,"featured_media":0,"parent":0,"menu_order":0,"comment_status":"open","ping_status":"closed","template":"","meta":{"footnotes":""},"class_list":["post-3191","page","type-page","status-publish","hentry"],"_links":{"self":[{"href":"http:\/\/agreton.com.tr\/tr\/index.php?rest_route=\/wp\/v2\/pages\/3191","targetHints":{"allow":["GET"]}}],"collection":[{"href":"http:\/\/agreton.com.tr\/tr\/index.php?rest_route=\/wp\/v2\/pages"}],"about":[{"href":"http:\/\/agreton.com.tr\/tr\/index.php?rest_route=\/wp\/v2\/types\/page"}],"author":[{"embeddable":true,"href":"http:\/\/agreton.com.tr\/tr\/index.php?rest_route=\/wp\/v2\/users\/2"}],"replies":[{"embeddable":true,"href":"http:\/\/agreton.com.tr\/tr\/index.php?rest_route=%2Fwp%2Fv2%2Fcomments&post=3191"}],"version-history":[{"count":4,"href":"http:\/\/agreton.com.tr\/tr\/index.php?rest_route=\/wp\/v2\/pages\/3191\/revisions"}],"predecessor-version":[{"id":3199,"href":"http:\/\/agreton.com.tr\/tr\/index.php?rest_route=\/wp\/v2\/pages\/3191\/revisions\/3199"}],"wp:attachment":[{"href":"http:\/\/agreton.com.tr\/tr\/index.php?rest_route=%2Fwp%2Fv2%2Fmedia&parent=3191"}],"curies":[{"name":"wp","href":"https:\/\/api.w.org\/{rel}","templated":true}]}}